{"id":218,"date":"2020-05-12T03:43:04","date_gmt":"2020-05-12T03:43:04","guid":{"rendered":"https:\/\/www.smart-digital-link.com\/index.php\/about\/"},"modified":"2022-09-28T18:40:56","modified_gmt":"2022-09-28T16:40:56","slug":"about","status":"publish","type":"page","link":"https:\/\/www.smart-digital-link.com\/index.php\/about\/","title":{"rendered":"About"},"content":{"rendered":"\n<div class=\"wp-block-uagb-container uagb-block-f04aa0b1 alignfull uagb-is-root-container\"><div class=\"uagb-container-inner-blocks-wrap\">\n<div class=\"wp-block-uagb-advanced-heading uagb-block-659715a6\"><h1 class=\"uagb-heading-text\">NOTRE SOCIETE<\/h1><\/div>\n<\/div><\/div>\n\n\n\n<div class=\"wp-block-uagb-container uagb-block-f4d315ba alignfull uagb-is-root-container\"><div class=\"uagb-container-inner-blocks-wrap\">\n<div class=\"wp-block-uagb-container uagb-block-7ba67f0e\">\n<div class=\"wp-block-uagb-advanced-heading uagb-block-b0d8f6a5\"><h2 class=\"uagb-heading-text\">nOUS EXISTONS DEPUIS 2016<\/h2><\/div>\n<\/div>\n\n\n\n<div class=\"wp-block-uagb-container uagb-block-483e5d7c\">\n<div class=\"wp-block-uagb-info-box uagb-block-34eb8ea0 uagb-infobox__content-wrap  uagb-infobox-icon-above-title uagb-infobox-image-valign-top\"><div class=\"uagb-ifb-content\"><div class=\"uagb-ifb-title-wrap\"><span class=\"uagb-ifb-title-prefix\">Notre soci\u00e9t\u00e9 est sp\u00e9cialis\u00e9e dans la vente et la location d&rsquo;h\u00e9lices holographiques 3D depuis plus de six ans.<\/span><\/div><p class=\"uagb-ifb-desc\">Nous vous proposons de vous accompagner dans vos diff\u00e9rents projets de pr\u00e9sentation de nouveaux produits, de marketing, de pr\u00e9sentation lors de vos s\u00e9minaires, pour les mariages, etc&#8230;..<br><br>Nos \u00e9quipes de d\u00e9signer, mettrons en forme vos projets d&rsquo;hologrammes 3D.<br><br>Notre support technique  est \u00e0 votre \u00e9coute pour vous accompagner lors de vos diff\u00e9rentes installations.<\/p><\/div><\/div>\n\n\n\n<div class=\"wp-block-uagb-advanced-heading uagb-block-f075f12e\"><h3 class=\"uagb-heading-text\">Alexandre PUECH &#8211; Pr\u00e9sident \/ CEO<\/h3><\/div>\n<\/div>\n<\/div><\/div>\n\n\n\n<div class=\"wp-block-uagb-container uagb-block-e1e17aac alignfull uagb-is-root-container\"><div class=\"uagb-container-inner-blocks-wrap\">\n<div class=\"wp-block-uagb-container uagb-block-af9cce97\">\n<div class=\"wp-block-uagb-advanced-heading uagb-block-44bcf1cd\"><h2 class=\"uagb-heading-text\">Notre mission\u200b<\/h2><p class=\"uagb-desc-text\">Vous accompagner dans vos diff\u00e9rents projets d&rsquo;animations, avec la mise en place de pr\u00e9sentations avec nos h\u00e9lices holographiques 3D<\/p><\/div>\n<\/div>\n\n\n\n<div class=\"wp-block-uagb-container uagb-block-9e18ef19\">\n<div class=\"wp-block-uagb-advanced-heading uagb-block-3255734e\"><h2 class=\"uagb-heading-text\">nos services<\/h2><p class=\"uagb-desc-text\">De la vente \u00e0 la location financi\u00e8re ou location ponctuelle, nous sommes \u00e0 votre service pour le suivi de vos projets<\/p><\/div>\n<\/div>\n\n\n\n<div class=\"wp-block-uagb-container uagb-block-e82cfda7\">\n<div class=\"wp-block-uagb-advanced-heading uagb-block-a92633d0\"><h2 class=\"uagb-heading-text\">Vos projets<\/h2><\/div>\n\n\n\n<div class=\"wp-block-uagb-icon-list uagb-block-81a4f640\"><div class=\"uagb-icon-list__wrap\">\n<div class=\"wp-block-uagb-icon-list-child uagb-block-40b9e0ef\"><span class=\"uagb-icon-list__source-wrap\"><svg xmlns=\"https:\/\/www.w3.org\/2000\/svg\" viewBox=\"0 0 256 512\"><path d=\"M118.6 105.4l128 127.1C252.9 239.6 256 247.8 256 255.1s-3.125 16.38-9.375 22.63l-128 127.1c-9.156 9.156-22.91 11.9-34.88 6.943S64 396.9 64 383.1V128c0-12.94 7.781-24.62 19.75-29.58S109.5 96.23 118.6 105.4z\"><\/path><\/svg><\/span><span class=\"uagb-icon-list__label\">Evenementiels\u200b<\/span><\/div>\n\n\n\n<div class=\"wp-block-uagb-icon-list-child uagb-block-016314b3\"><span class=\"uagb-icon-list__source-wrap\"><svg xmlns=\"https:\/\/www.w3.org\/2000\/svg\" viewBox=\"0 0 256 512\"><path d=\"M118.6 105.4l128 127.1C252.9 239.6 256 247.8 256 255.1s-3.125 16.38-9.375 22.63l-128 127.1c-9.156 9.156-22.91 11.9-34.88 6.943S64 396.9 64 383.1V128c0-12.94 7.781-24.62 19.75-29.58S109.5 96.23 118.6 105.4z\"><\/path><\/svg><\/span><span class=\"uagb-icon-list__label\">S\u00e9minaires\u200b<\/span><\/div>\n\n\n\n<div class=\"wp-block-uagb-icon-list-child uagb-block-00ba9529\"><span class=\"uagb-icon-list__source-wrap\"><svg xmlns=\"https:\/\/www.w3.org\/2000\/svg\" viewBox=\"0 0 256 512\"><path d=\"M118.6 105.4l128 127.1C252.9 239.6 256 247.8 256 255.1s-3.125 16.38-9.375 22.63l-128 127.1c-9.156 9.156-22.91 11.9-34.88 6.943S64 396.9 64 383.1V128c0-12.94 7.781-24.62 19.75-29.58S109.5 96.23 118.6 105.4z\"><\/path><\/svg><\/span><span class=\"uagb-icon-list__label\">Lancement de nouveaux produits\u200b<\/span><\/div>\n<\/div><\/div>\n<\/div>\n<\/div><\/div>\n","protected":false},"excerpt":{"rendered":"NOTRE SOCIETE nOUS EXISTONS DEPUIS 2016 Notre soci\u00e9t\u00e9 est sp\u00e9cialis\u00e9e dans la vente et la location d'h\u00e9lices holographiques 3D depuis plus de six ans.Nous vous proposons de vous accompagner dans vos diff\u00e9rents projets de pr\u00e9sentation de nouveaux produits, de marketing, de pr\u00e9sentation lors de vos s\u00e9minaires, pour les mariages, etc.....Nos \u00e9quipes de d\u00e9signer, mettrons en &hellip;<p class=\"read-more\"> <a class=\"\" href=\"https:\/\/www.smart-digital-link.com\/index.php\/about\/\"> <span class=\"screen-reader-text\">About<\/span> Lire la suite\u00a0\u00bb<\/a><\/p>","protected":false},"author":1,"featured_media":0,"parent":0,"menu_order":0,"comment_status":"closed","ping_status":"closed","template":"","meta":{"site-sidebar-layout":"no-sidebar","site-content-layout":"plain-container","ast-global-header-display":"","ast-main-header-display":"","ast-hfb-above-header-display":"","ast-hfb-below-header-display":"","ast-hfb-mobile-header-display":"","site-post-title":"disabled","ast-breadcrumbs-content":"","ast-featured-img":"disabled","footer-sml-layout":"","theme-transparent-header-meta":"enabled","adv-header-id-meta":"","stick-header-meta":"","header-above-stick-meta":"","header-main-stick-meta":"","header-below-stick-meta":"","footnotes":""},"yoast_head":"<!-- This site is optimized with the Yoast SEO plugin v19.8 - https:\/\/yoast.com\/wordpress\/plugins\/seo\/ -->\n<title>About - HOLOGRAMME 3D<\/title>\n<meta name=\"robots\" content=\"index, follow, max-snippet:-1, max-image-preview:large, max-video-preview:-1\" \/>\n<link rel=\"canonical\" href=\"https:\/\/www.smart-digital-link.com\/index.php\/about\/\" \/>\n<meta property=\"og:locale\" content=\"fr_FR\" \/>\n<meta property=\"og:type\" content=\"article\" \/>\n<meta property=\"og:title\" content=\"About - HOLOGRAMME 3D\" \/>\n<meta property=\"og:url\" content=\"https:\/\/www.smart-digital-link.com\/index.php\/about\/\" \/>\n<meta property=\"og:site_name\" content=\"HOLOGRAMME 3D\" \/>\n<meta property=\"article:publisher\" content=\"https:\/\/www.facebook.com\/smartdigitallink\" \/>\n<meta property=\"article:modified_time\" content=\"2022-09-28T16:40:56+00:00\" \/>\n<meta name=\"twitter:card\" content=\"summary_large_image\" \/>\n<meta name=\"twitter:label1\" content=\"Dur\u00e9e de lecture estim\u00e9e\" \/>\n\t<meta name=\"twitter:data1\" content=\"1 minute\" \/>\n<script type=\"application\/ld+json\" class=\"yoast-schema-graph\">{\"@context\":\"https:\/\/schema.org\",\"@graph\":[{\"@type\":\"WebPage\",\"@id\":\"https:\/\/www.smart-digital-link.com\/index.php\/about\/\",\"url\":\"https:\/\/www.smart-digital-link.com\/index.php\/about\/\",\"name\":\"About - HOLOGRAMME 3D\",\"isPartOf\":{\"@id\":\"https:\/\/www.smart-digital-link.com\/#website\"},\"datePublished\":\"2020-05-12T03:43:04+00:00\",\"dateModified\":\"2022-09-28T16:40:56+00:00\",\"breadcrumb\":{\"@id\":\"https:\/\/www.smart-digital-link.com\/index.php\/about\/#breadcrumb\"},\"inLanguage\":\"fr-FR\",\"potentialAction\":[{\"@type\":\"ReadAction\",\"target\":[\"https:\/\/www.smart-digital-link.com\/index.php\/about\/\"]}]},{\"@type\":\"BreadcrumbList\",\"@id\":\"https:\/\/www.smart-digital-link.com\/index.php\/about\/#breadcrumb\",\"itemListElement\":[{\"@type\":\"ListItem\",\"position\":1,\"name\":\"Accueil\",\"item\":\"https:\/\/www.smart-digital-link.com\/\"},{\"@type\":\"ListItem\",\"position\":2,\"name\":\"About\"}]},{\"@type\":\"WebSite\",\"@id\":\"https:\/\/www.smart-digital-link.com\/#website\",\"url\":\"https:\/\/www.smart-digital-link.com\/\",\"name\":\"HOLOGRAMME 3D\",\"description\":\"HELICE HOLOGRAPHIQUE 3D\",\"publisher\":{\"@id\":\"https:\/\/www.smart-digital-link.com\/#organization\"},\"potentialAction\":[{\"@type\":\"SearchAction\",\"target\":{\"@type\":\"EntryPoint\",\"urlTemplate\":\"https:\/\/www.smart-digital-link.com\/?s={search_term_string}\"},\"query-input\":\"required name=search_term_string\"}],\"inLanguage\":\"fr-FR\"},{\"@type\":\"Organization\",\"@id\":\"https:\/\/www.smart-digital-link.com\/#organization\",\"name\":\"SMART DIGITAL LINK\",\"url\":\"https:\/\/www.smart-digital-link.com\/\",\"sameAs\":[\"https:\/\/www.instagram.com\/sdl_hologramme3d\/\",\"https:\/\/www.youtube.com\/channel\/UC_y90BDVPN4YAoV-9cCRiqA\",\"https:\/\/www.facebook.com\/smartdigitallink\"],\"logo\":{\"@type\":\"ImageObject\",\"inLanguage\":\"fr-FR\",\"@id\":\"https:\/\/www.smart-digital-link.com\/#\/schema\/logo\/image\/\",\"url\":\"https:\/\/www.smart-digital-link.com\/wp-content\/uploads\/2022\/04\/cropped-logo-SDL.png\",\"contentUrl\":\"https:\/\/www.smart-digital-link.com\/wp-content\/uploads\/2022\/04\/cropped-logo-SDL.png\",\"width\":1183,\"height\":551,\"caption\":\"SMART DIGITAL LINK\"},\"image\":{\"@id\":\"https:\/\/www.smart-digital-link.com\/#\/schema\/logo\/image\/\"}}]}<\/script>\n<!-- \/ Yoast SEO plugin. -->","yoast_head_json":{"title":"About - HOLOGRAMME 3D","robots":{"index":"index","follow":"follow","max-snippet":"max-snippet:-1","max-image-preview":"max-image-preview:large","max-video-preview":"max-video-preview:-1"},"canonical":"https:\/\/www.smart-digital-link.com\/index.php\/about\/","og_locale":"fr_FR","og_type":"article","og_title":"About - HOLOGRAMME 3D","og_url":"https:\/\/www.smart-digital-link.com\/index.php\/about\/","og_site_name":"HOLOGRAMME 3D","article_publisher":"https:\/\/www.facebook.com\/smartdigitallink","article_modified_time":"2022-09-28T16:40:56+00:00","twitter_card":"summary_large_image","twitter_misc":{"Dur\u00e9e de lecture estim\u00e9e":"1 minute"},"schema":{"@context":"https:\/\/schema.org","@graph":[{"@type":"WebPage","@id":"https:\/\/www.smart-digital-link.com\/index.php\/about\/","url":"https:\/\/www.smart-digital-link.com\/index.php\/about\/","name":"About - HOLOGRAMME 3D","isPartOf":{"@id":"https:\/\/www.smart-digital-link.com\/#website"},"datePublished":"2020-05-12T03:43:04+00:00","dateModified":"2022-09-28T16:40:56+00:00","breadcrumb":{"@id":"https:\/\/www.smart-digital-link.com\/index.php\/about\/#breadcrumb"},"inLanguage":"fr-FR","potentialAction":[{"@type":"ReadAction","target":["https:\/\/www.smart-digital-link.com\/index.php\/about\/"]}]},{"@type":"BreadcrumbList","@id":"https:\/\/www.smart-digital-link.com\/index.php\/about\/#breadcrumb","itemListElement":[{"@type":"ListItem","position":1,"name":"Accueil","item":"https:\/\/www.smart-digital-link.com\/"},{"@type":"ListItem","position":2,"name":"About"}]},{"@type":"WebSite","@id":"https:\/\/www.smart-digital-link.com\/#website","url":"https:\/\/www.smart-digital-link.com\/","name":"HOLOGRAMME 3D","description":"HELICE HOLOGRAPHIQUE 3D","publisher":{"@id":"https:\/\/www.smart-digital-link.com\/#organization"},"potentialAction":[{"@type":"SearchAction","target":{"@type":"EntryPoint","urlTemplate":"https:\/\/www.smart-digital-link.com\/?s={search_term_string}"},"query-input":"required name=search_term_string"}],"inLanguage":"fr-FR"},{"@type":"Organization","@id":"https:\/\/www.smart-digital-link.com\/#organization","name":"SMART DIGITAL LINK","url":"https:\/\/www.smart-digital-link.com\/","sameAs":["https:\/\/www.instagram.com\/sdl_hologramme3d\/","https:\/\/www.youtube.com\/channel\/UC_y90BDVPN4YAoV-9cCRiqA","https:\/\/www.facebook.com\/smartdigitallink"],"logo":{"@type":"ImageObject","inLanguage":"fr-FR","@id":"https:\/\/www.smart-digital-link.com\/#\/schema\/logo\/image\/","url":"https:\/\/www.smart-digital-link.com\/wp-content\/uploads\/2022\/04\/cropped-logo-SDL.png","contentUrl":"https:\/\/www.smart-digital-link.com\/wp-content\/uploads\/2022\/04\/cropped-logo-SDL.png","width":1183,"height":551,"caption":"SMART DIGITAL LINK"},"image":{"@id":"https:\/\/www.smart-digital-link.com\/#\/schema\/logo\/image\/"}}]}},"uagb_featured_image_src":{"full":false,"thumbnail":false,"medium":false,"medium_large":false,"large":false,"1536x1536":false,"2048x2048":false,"woocommerce_thumbnail":false,"woocommerce_single":false,"woocommerce_gallery_thumbnail":false},"uagb_author_info":{"display_name":"Admin31676","author_link":"https:\/\/www.smart-digital-link.com\/index.php\/author\/admin31676\/"},"uagb_comment_info":0,"uagb_excerpt":null,"_links":{"self":[{"href":"https:\/\/www.smart-digital-link.com\/index.php\/wp-json\/wp\/v2\/pages\/218"}],"collection":[{"href":"https:\/\/www.smart-digital-link.com\/index.php\/wp-json\/wp\/v2\/pages"}],"about":[{"href":"https:\/\/www.smart-digital-link.com\/index.php\/wp-json\/wp\/v2\/types\/page"}],"author":[{"embeddable":true,"href":"https:\/\/www.smart-digital-link.com\/index.php\/wp-json\/wp\/v2\/users\/1"}],"replies":[{"embeddable":true,"href":"https:\/\/www.smart-digital-link.com\/index.php\/wp-json\/wp\/v2\/comments?post=218"}],"version-history":[{"count":3,"href":"https:\/\/www.smart-digital-link.com\/index.php\/wp-json\/wp\/v2\/pages\/218\/revisions"}],"predecessor-version":[{"id":7663,"href":"https:\/\/www.smart-digital-link.com\/index.php\/wp-json\/wp\/v2\/pages\/218\/revisions\/7663"}],"wp:attachment":[{"href":"https:\/\/www.smart-digital-link.com\/index.php\/wp-json\/wp\/v2\/media?parent=218"}],"curies":[{"name":"wp","href":"https:\/\/api.w.org\/{rel}","templated":true}]}}