{"id":7702,"date":"2022-09-28T19:51:43","date_gmt":"2022-09-28T17:51:43","guid":{"rendered":"https:\/\/www.smart-digital-link.com\/?page_id=7702"},"modified":"2022-11-02T15:30:50","modified_gmt":"2022-11-02T14:30:50","slug":"cabine-holographique-humaoide","status":"publish","type":"page","link":"https:\/\/www.smart-digital-link.com\/index.php\/cabine-holographique-humaoide\/","title":{"rendered":"Cabine Holographique humao\u00efde"},"content":{"rendered":"\n<div class=\"wp-block-uagb-container uagb-block-c6535c78 alignfull uagb-is-root-container\"><div class=\"uagb-container-inner-blocks-wrap\">\n<div class=\"wp-block-cover alignfull is-light is-layout-flow wp-block-cover-is-layout-flow\" style=\"min-height:190px\"><span aria-hidden=\"true\" class=\"wp-block-cover__background has-background-dim-100 has-background-dim\"><\/span><div class=\"wp-block-cover__inner-container\"><\/div><\/div>\n\n\n\n<p><\/p>\n<\/div><\/div>\n\n\n\n<p class=\"has-text-align-center has-large-font-size\">LES CABINES HOLOGRAPHIQUES 3D HUMANO\u00cfDES<\/p>\n\n\n\n<p><\/p>\n\n\n\n<figure class=\"wp-block-video aligncenter\"><video controls src=\"https:\/\/www.smart-digital-link.com\/wp-content\/uploads\/2022\/11\/HYPERVSN-SmartV-Holographic-Human-Live-Stream-Solution.mp4\"><\/video><figcaption class=\"wp-element-caption\">SALON DE DUBA\u00cf<\/figcaption><\/figure>\n\n\n\n<ul><\/ul>\n\n\n\n<ul><\/ul>\n\n\n\n<div class=\"wp-block-uagb-container uagb-block-8f98d13d alignfull uagb-is-root-container\"><div class=\"uagb-container-inner-blocks-wrap\">\n<figure class=\"wp-block-embed is-type-video is-provider-youtube wp-block-embed-youtube wp-embed-aspect-16-9 wp-has-aspect-ratio\"><div class=\"wp-block-embed__wrapper\">\n<div class=\"ast-oembed-container\" style=\"height: 100%;\"><iframe loading=\"lazy\" title=\"Holographic Human by HYPERVSN\" width=\"500\" height=\"281\" src=\"https:\/\/www.youtube.com\/embed\/K82dgSxYejE?feature=oembed\" frameborder=\"0\" allow=\"accelerometer; autoplay; clipboard-write; encrypted-media; gyroscope; picture-in-picture\" allowfullscreen><\/iframe><\/div>\n<\/div><\/figure>\n<\/div><\/div>\n\n\n\n<hr class=\"wp-block-separator has-alpha-channel-opacity\"\/>\n\n\n\n<p class=\"has-text-align-center has-large-font-size\">REVOLUTIONNEZ VOS PRESENTATIONS<\/p>\n\n\n\n<hr class=\"wp-block-separator has-alpha-channel-opacity\"\/>\n\n\n\n<div class=\"wp-block-uagb-container uagb-block-47a608b6 alignfull uagb-is-root-container\"><div class=\"uagb-container-inner-blocks-wrap\">\n<div class=\"wp-block-uagb-container uagb-block-3247f4f6\">\n<figure class=\"wp-block-image aligncenter size-full\"><img loading=\"lazy\" decoding=\"async\" width=\"645\" height=\"347\" src=\"https:\/\/www.smart-digital-link.com\/wp-content\/uploads\/2022\/09\/hologr_humain_vitrine.jpg\" alt=\"\" class=\"wp-image-7718\" srcset=\"https:\/\/www.smart-digital-link.com\/wp-content\/uploads\/2022\/09\/hologr_humain_vitrine.jpg 645w, https:\/\/www.smart-digital-link.com\/wp-content\/uploads\/2022\/09\/hologr_humain_vitrine-300x161.jpg 300w, https:\/\/www.smart-digital-link.com\/wp-content\/uploads\/2022\/09\/hologr_humain_vitrine-600x323.jpg 600w\" sizes=\"(max-width: 645px) 100vw, 645px\" \/><figcaption class=\"wp-element-caption\">Animation de vitrines pour un effet bluffant<\/figcaption><\/figure>\n<\/div>\n\n\n\n<div class=\"wp-block-uagb-container uagb-block-4aae94b8\">\n<figure class=\"wp-block-image aligncenter size-full\"><img loading=\"lazy\" decoding=\"async\" width=\"750\" height=\"400\" src=\"https:\/\/www.smart-digital-link.com\/wp-content\/uploads\/2022\/09\/Hypervsn_magasin.jpeg\" alt=\"\" class=\"wp-image-7719\" srcset=\"https:\/\/www.smart-digital-link.com\/wp-content\/uploads\/2022\/09\/Hypervsn_magasin.jpeg 750w, https:\/\/www.smart-digital-link.com\/wp-content\/uploads\/2022\/09\/Hypervsn_magasin-300x160.jpeg 300w, https:\/\/www.smart-digital-link.com\/wp-content\/uploads\/2022\/09\/Hypervsn_magasin-600x320.jpeg 600w\" sizes=\"(max-width: 750px) 100vw, 750px\" \/><figcaption class=\"wp-element-caption\">Pr\u00e9sentation de mod\u00e8les aux clients<\/figcaption><\/figure>\n<\/div>\n<\/div><\/div>\n\n\n\n<div class=\"wp-block-uagb-container uagb-block-5bdc0ef3 alignfull uagb-is-root-container\"><div class=\"uagb-container-inner-blocks-wrap\">\n<p class=\"has-text-align-center\">POUR LES MUSEES, LES CONFERENCES, LES CENTRES COMMERCIAUX&#8230;..<\/p>\n\n\n\n<figure class=\"wp-block-embed is-type-video is-provider-youtube wp-block-embed-youtube wp-embed-aspect-16-9 wp-has-aspect-ratio\"><div class=\"wp-block-embed__wrapper\">\n<div class=\"ast-oembed-container\" style=\"height: 100%;\"><iframe loading=\"lazy\" title=\"3D Holographic Humans\" width=\"500\" height=\"281\" src=\"https:\/\/www.youtube.com\/embed\/cObDbxjZ7UM?feature=oembed\" frameborder=\"0\" allow=\"accelerometer; autoplay; clipboard-write; encrypted-media; gyroscope; picture-in-picture\" allowfullscreen><\/iframe><\/div>\n<\/div><\/figure>\n<\/div><\/div>\n","protected":false},"excerpt":{"rendered":"<p>LES CABINES HOLOGRAPHIQUES 3D HUMANO\u00cfDES REVOLUTIONNEZ VOS PRESENTATIONS<\/p>\n","protected":false},"author":1,"featured_media":0,"parent":0,"menu_order":0,"comment_status":"closed","ping_status":"closed","template":"","meta":{"site-sidebar-layout":"no-sidebar","site-content-layout":"plain-container","ast-global-header-display":"","ast-main-header-display":"","ast-hfb-above-header-display":"","ast-hfb-below-header-display":"","ast-hfb-mobile-header-display":"","site-post-title":"disabled","ast-breadcrumbs-content":"","ast-featured-img":"disabled","footer-sml-layout":"","theme-transparent-header-meta":"enabled","adv-header-id-meta":"","stick-header-meta":"","header-above-stick-meta":"","header-main-stick-meta":"","header-below-stick-meta":"","footnotes":""},"yoast_head":"<!-- This site is optimized with the Yoast SEO plugin v19.8 - https:\/\/yoast.com\/wordpress\/plugins\/seo\/ -->\n<title>Cabine Holographique humao\u00efde - HOLOGRAMME 3D<\/title>\n<meta name=\"description\" content=\"SMART DIGITAL LINK, propose \u00e0 la vente et \u00e0 la location, les cabines holographiques 3D, humano\u00efde, animations conf\u00e9rences, s\u00e9minaires,mariage\" \/>\n<meta name=\"robots\" content=\"index, follow, max-snippet:-1, max-image-preview:large, max-video-preview:-1\" \/>\n<link rel=\"canonical\" href=\"https:\/\/www.smart-digital-link.com\/index.php\/cabine-holographique-humaoide\/\" \/>\n<meta property=\"og:locale\" content=\"fr_FR\" \/>\n<meta property=\"og:type\" content=\"article\" \/>\n<meta property=\"og:title\" content=\"Cabine Holographique humao\u00efde - HOLOGRAMME 3D\" \/>\n<meta property=\"og:description\" content=\"SMART DIGITAL LINK, propose \u00e0 la vente et \u00e0 la location, les cabines holographiques 3D, humano\u00efde, animations conf\u00e9rences, s\u00e9minaires,mariage\" \/>\n<meta property=\"og:url\" content=\"https:\/\/www.smart-digital-link.com\/index.php\/cabine-holographique-humaoide\/\" \/>\n<meta property=\"og:site_name\" content=\"HOLOGRAMME 3D\" \/>\n<meta property=\"article:publisher\" content=\"https:\/\/www.facebook.com\/smartdigitallink\" \/>\n<meta property=\"article:modified_time\" content=\"2022-11-02T14:30:50+00:00\" \/>\n<meta property=\"og:image\" content=\"https:\/\/www.smart-digital-link.com\/wp-content\/uploads\/2022\/09\/hologr_humain_vitrine.jpg\" \/>\n<meta name=\"twitter:card\" content=\"summary_large_image\" \/>\n<meta name=\"twitter:label1\" content=\"Dur\u00e9e de lecture estim\u00e9e\" \/>\n\t<meta name=\"twitter:data1\" content=\"1 minute\" \/>\n<script type=\"application\/ld+json\" class=\"yoast-schema-graph\">{\"@context\":\"https:\/\/schema.org\",\"@graph\":[{\"@type\":\"WebPage\",\"@id\":\"https:\/\/www.smart-digital-link.com\/index.php\/cabine-holographique-humaoide\/\",\"url\":\"https:\/\/www.smart-digital-link.com\/index.php\/cabine-holographique-humaoide\/\",\"name\":\"Cabine Holographique humao\u00efde - HOLOGRAMME 3D\",\"isPartOf\":{\"@id\":\"https:\/\/www.smart-digital-link.com\/#website\"},\"datePublished\":\"2022-09-28T17:51:43+00:00\",\"dateModified\":\"2022-11-02T14:30:50+00:00\",\"description\":\"SMART DIGITAL LINK, propose \u00e0 la vente et \u00e0 la location, les cabines holographiques 3D, humano\u00efde, animations conf\u00e9rences, s\u00e9minaires,mariage\",\"breadcrumb\":{\"@id\":\"https:\/\/www.smart-digital-link.com\/index.php\/cabine-holographique-humaoide\/#breadcrumb\"},\"inLanguage\":\"fr-FR\",\"potentialAction\":[{\"@type\":\"ReadAction\",\"target\":[\"https:\/\/www.smart-digital-link.com\/index.php\/cabine-holographique-humaoide\/\"]}]},{\"@type\":\"BreadcrumbList\",\"@id\":\"https:\/\/www.smart-digital-link.com\/index.php\/cabine-holographique-humaoide\/#breadcrumb\",\"itemListElement\":[{\"@type\":\"ListItem\",\"position\":1,\"name\":\"Accueil\",\"item\":\"https:\/\/www.smart-digital-link.com\/\"},{\"@type\":\"ListItem\",\"position\":2,\"name\":\"Cabine Holographique humao\u00efde\"}]},{\"@type\":\"WebSite\",\"@id\":\"https:\/\/www.smart-digital-link.com\/#website\",\"url\":\"https:\/\/www.smart-digital-link.com\/\",\"name\":\"HOLOGRAMME 3D\",\"description\":\"HELICE HOLOGRAPHIQUE 3D\",\"publisher\":{\"@id\":\"https:\/\/www.smart-digital-link.com\/#organization\"},\"potentialAction\":[{\"@type\":\"SearchAction\",\"target\":{\"@type\":\"EntryPoint\",\"urlTemplate\":\"https:\/\/www.smart-digital-link.com\/?s={search_term_string}\"},\"query-input\":\"required name=search_term_string\"}],\"inLanguage\":\"fr-FR\"},{\"@type\":\"Organization\",\"@id\":\"https:\/\/www.smart-digital-link.com\/#organization\",\"name\":\"SMART DIGITAL LINK\",\"url\":\"https:\/\/www.smart-digital-link.com\/\",\"sameAs\":[\"https:\/\/www.instagram.com\/sdl_hologramme3d\/\",\"https:\/\/www.youtube.com\/channel\/UC_y90BDVPN4YAoV-9cCRiqA\",\"https:\/\/www.facebook.com\/smartdigitallink\"],\"logo\":{\"@type\":\"ImageObject\",\"inLanguage\":\"fr-FR\",\"@id\":\"https:\/\/www.smart-digital-link.com\/#\/schema\/logo\/image\/\",\"url\":\"https:\/\/www.smart-digital-link.com\/wp-content\/uploads\/2022\/04\/cropped-logo-SDL.png\",\"contentUrl\":\"https:\/\/www.smart-digital-link.com\/wp-content\/uploads\/2022\/04\/cropped-logo-SDL.png\",\"width\":1183,\"height\":551,\"caption\":\"SMART DIGITAL LINK\"},\"image\":{\"@id\":\"https:\/\/www.smart-digital-link.com\/#\/schema\/logo\/image\/\"}}]}<\/script>\n<!-- \/ Yoast SEO plugin. -->","yoast_head_json":{"title":"Cabine Holographique humao\u00efde - HOLOGRAMME 3D","description":"SMART DIGITAL LINK, propose \u00e0 la vente et \u00e0 la location, les cabines holographiques 3D, humano\u00efde, animations conf\u00e9rences, s\u00e9minaires,mariage","robots":{"index":"index","follow":"follow","max-snippet":"max-snippet:-1","max-image-preview":"max-image-preview:large","max-video-preview":"max-video-preview:-1"},"canonical":"https:\/\/www.smart-digital-link.com\/index.php\/cabine-holographique-humaoide\/","og_locale":"fr_FR","og_type":"article","og_title":"Cabine Holographique humao\u00efde - HOLOGRAMME 3D","og_description":"SMART DIGITAL LINK, propose \u00e0 la vente et \u00e0 la location, les cabines holographiques 3D, humano\u00efde, animations conf\u00e9rences, s\u00e9minaires,mariage","og_url":"https:\/\/www.smart-digital-link.com\/index.php\/cabine-holographique-humaoide\/","og_site_name":"HOLOGRAMME 3D","article_publisher":"https:\/\/www.facebook.com\/smartdigitallink","article_modified_time":"2022-11-02T14:30:50+00:00","og_image":[{"url":"https:\/\/www.smart-digital-link.com\/wp-content\/uploads\/2022\/09\/hologr_humain_vitrine.jpg"}],"twitter_card":"summary_large_image","twitter_misc":{"Dur\u00e9e de lecture estim\u00e9e":"1 minute"},"schema":{"@context":"https:\/\/schema.org","@graph":[{"@type":"WebPage","@id":"https:\/\/www.smart-digital-link.com\/index.php\/cabine-holographique-humaoide\/","url":"https:\/\/www.smart-digital-link.com\/index.php\/cabine-holographique-humaoide\/","name":"Cabine Holographique humao\u00efde - HOLOGRAMME 3D","isPartOf":{"@id":"https:\/\/www.smart-digital-link.com\/#website"},"datePublished":"2022-09-28T17:51:43+00:00","dateModified":"2022-11-02T14:30:50+00:00","description":"SMART DIGITAL LINK, propose \u00e0 la vente et \u00e0 la location, les cabines holographiques 3D, humano\u00efde, animations conf\u00e9rences, s\u00e9minaires,mariage","breadcrumb":{"@id":"https:\/\/www.smart-digital-link.com\/index.php\/cabine-holographique-humaoide\/#breadcrumb"},"inLanguage":"fr-FR","potentialAction":[{"@type":"ReadAction","target":["https:\/\/www.smart-digital-link.com\/index.php\/cabine-holographique-humaoide\/"]}]},{"@type":"BreadcrumbList","@id":"https:\/\/www.smart-digital-link.com\/index.php\/cabine-holographique-humaoide\/#breadcrumb","itemListElement":[{"@type":"ListItem","position":1,"name":"Accueil","item":"https:\/\/www.smart-digital-link.com\/"},{"@type":"ListItem","position":2,"name":"Cabine Holographique humao\u00efde"}]},{"@type":"WebSite","@id":"https:\/\/www.smart-digital-link.com\/#website","url":"https:\/\/www.smart-digital-link.com\/","name":"HOLOGRAMME 3D","description":"HELICE HOLOGRAPHIQUE 3D","publisher":{"@id":"https:\/\/www.smart-digital-link.com\/#organization"},"potentialAction":[{"@type":"SearchAction","target":{"@type":"EntryPoint","urlTemplate":"https:\/\/www.smart-digital-link.com\/?s={search_term_string}"},"query-input":"required name=search_term_string"}],"inLanguage":"fr-FR"},{"@type":"Organization","@id":"https:\/\/www.smart-digital-link.com\/#organization","name":"SMART DIGITAL LINK","url":"https:\/\/www.smart-digital-link.com\/","sameAs":["https:\/\/www.instagram.com\/sdl_hologramme3d\/","https:\/\/www.youtube.com\/channel\/UC_y90BDVPN4YAoV-9cCRiqA","https:\/\/www.facebook.com\/smartdigitallink"],"logo":{"@type":"ImageObject","inLanguage":"fr-FR","@id":"https:\/\/www.smart-digital-link.com\/#\/schema\/logo\/image\/","url":"https:\/\/www.smart-digital-link.com\/wp-content\/uploads\/2022\/04\/cropped-logo-SDL.png","contentUrl":"https:\/\/www.smart-digital-link.com\/wp-content\/uploads\/2022\/04\/cropped-logo-SDL.png","width":1183,"height":551,"caption":"SMART DIGITAL LINK"},"image":{"@id":"https:\/\/www.smart-digital-link.com\/#\/schema\/logo\/image\/"}}]}},"uagb_featured_image_src":{"full":false,"thumbnail":false,"medium":false,"medium_large":false,"large":false,"1536x1536":false,"2048x2048":false,"woocommerce_thumbnail":false,"woocommerce_single":false,"woocommerce_gallery_thumbnail":false},"uagb_author_info":{"display_name":"Admin31676","author_link":"https:\/\/www.smart-digital-link.com\/index.php\/author\/admin31676\/"},"uagb_comment_info":0,"uagb_excerpt":"LES CABINES HOLOGRAPHIQUES 3D HUMANO\u00cfDES REVOLUTIONNEZ VOS PRESENTATIONS","_links":{"self":[{"href":"https:\/\/www.smart-digital-link.com\/index.php\/wp-json\/wp\/v2\/pages\/7702"}],"collection":[{"href":"https:\/\/www.smart-digital-link.com\/index.php\/wp-json\/wp\/v2\/pages"}],"about":[{"href":"https:\/\/www.smart-digital-link.com\/index.php\/wp-json\/wp\/v2\/types\/page"}],"author":[{"embeddable":true,"href":"https:\/\/www.smart-digital-link.com\/index.php\/wp-json\/wp\/v2\/users\/1"}],"replies":[{"embeddable":true,"href":"https:\/\/www.smart-digital-link.com\/index.php\/wp-json\/wp\/v2\/comments?post=7702"}],"version-history":[{"count":19,"href":"https:\/\/www.smart-digital-link.com\/index.php\/wp-json\/wp\/v2\/pages\/7702\/revisions"}],"predecessor-version":[{"id":7902,"href":"https:\/\/www.smart-digital-link.com\/index.php\/wp-json\/wp\/v2\/pages\/7702\/revisions\/7902"}],"wp:attachment":[{"href":"https:\/\/www.smart-digital-link.com\/index.php\/wp-json\/wp\/v2\/media?parent=7702"}],"curies":[{"name":"wp","href":"https:\/\/api.w.org\/{rel}","templated":true}]}}