{"id":7736,"date":"2022-09-29T09:54:46","date_gmt":"2022-09-29T07:54:46","guid":{"rendered":"https:\/\/www.smart-digital-link.com\/?page_id=7736"},"modified":"2022-09-29T11:55:45","modified_gmt":"2022-09-29T09:55:45","slug":"nos-helices-holographiques-3d","status":"publish","type":"page","link":"https:\/\/www.smart-digital-link.com\/index.php\/nos-helices-holographiques-3d\/","title":{"rendered":"Nos helices holographiques 3D"},"content":{"rendered":"\n<div class=\"wp-block-uagb-container uagb-block-f83d0cac alignfull uagb-is-root-container\"><div class=\"uagb-container-inner-blocks-wrap\">\n<div class=\"wp-block-cover alignfull is-light is-layout-flow wp-block-cover-is-layout-flow\" style=\"min-height:190px\"><span aria-hidden=\"true\" class=\"wp-block-cover__background has-background-dim-100 has-background-dim\"><\/span><div class=\"wp-block-cover__inner-container\"><\/div><\/div>\n\n\n\n<p class=\"has-text-align-center has-large-font-size\">HELICES HOLOGRAPHIQUES FABRIQUEES EN EUROPE<\/p>\n<\/div><\/div>\n\n\n\n<hr class=\"wp-block-separator has-alpha-channel-opacity\"\/>\n\n\n\n<div class=\"wp-block-uagb-container uagb-block-c5757d1c alignfull uagb-is-root-container\"><div class=\"uagb-container-inner-blocks-wrap\">\n<div class=\"wp-block-uagb-container uagb-block-1786f2e6\">\n<figure class=\"wp-block-image size-full\"><img loading=\"lazy\" decoding=\"async\" width=\"600\" height=\"600\" src=\"https:\/\/www.smart-digital-link.com\/wp-content\/uploads\/2022\/09\/Helice_Holog.jpg\" alt=\"\" class=\"wp-image-7744\" srcset=\"https:\/\/www.smart-digital-link.com\/wp-content\/uploads\/2022\/09\/Helice_Holog.jpg 600w, https:\/\/www.smart-digital-link.com\/wp-content\/uploads\/2022\/09\/Helice_Holog-300x300.jpg 300w, https:\/\/www.smart-digital-link.com\/wp-content\/uploads\/2022\/09\/Helice_Holog-150x150.jpg 150w, https:\/\/www.smart-digital-link.com\/wp-content\/uploads\/2022\/09\/Helice_Holog-100x100.jpg 100w\" sizes=\"(max-width: 600px) 100vw, 600px\" \/><\/figure>\n<\/div>\n<\/div><\/div>\n\n\n\n<div class=\"wp-block-uagb-container uagb-block-51b33d98 alignfull uagb-is-root-container\"><div class=\"uagb-container-inner-blocks-wrap\">\n<div class=\"wp-block-uagb-container uagb-block-5e1086ae\">\n<figure class=\"wp-block-image aligncenter size-full\"><img loading=\"lazy\" decoding=\"async\" width=\"600\" height=\"383\" src=\"https:\/\/www.smart-digital-link.com\/wp-content\/uploads\/2022\/09\/SOLOS_56_75.jpg\" alt=\"\" class=\"wp-image-7749\" srcset=\"https:\/\/www.smart-digital-link.com\/wp-content\/uploads\/2022\/09\/SOLOS_56_75.jpg 600w, https:\/\/www.smart-digital-link.com\/wp-content\/uploads\/2022\/09\/SOLOS_56_75-300x192.jpg 300w\" sizes=\"(max-width: 600px) 100vw, 600px\" \/><figcaption>HYPERVSN Solo en deux tailles : 56cm ou 75cm<\/figcaption><\/figure>\n<\/div>\n\n\n\n<div class=\"wp-block-uagb-container uagb-block-3fa858e2\">\n<figure class=\"wp-block-image aligncenter size-full is-style-default\"><img loading=\"lazy\" decoding=\"async\" width=\"600\" height=\"383\" src=\"https:\/\/www.smart-digital-link.com\/wp-content\/uploads\/2022\/09\/CMS_2.jpg\" alt=\"\" class=\"wp-image-7752\" srcset=\"https:\/\/www.smart-digital-link.com\/wp-content\/uploads\/2022\/09\/CMS_2.jpg 600w, https:\/\/www.smart-digital-link.com\/wp-content\/uploads\/2022\/09\/CMS_2-300x192.jpg 300w\" sizes=\"(max-width: 600px) 100vw, 600px\" \/><figcaption>CMS GRATUIT DE CREATION D&rsquo;ANIMATIONS 3D<\/figcaption><\/figure>\n<\/div>\n<\/div><\/div>\n\n\n\n<hr class=\"wp-block-separator has-alpha-channel-opacity\"\/>\n\n\n\n<p class=\"has-text-align-center has-large-font-size\">LES ACCESSOIRES<\/p>\n\n\n\n<div class=\"wp-block-uagb-container uagb-block-6a06955a alignfull uagb-is-root-container\"><div class=\"uagb-container-inner-blocks-wrap\">\n<div class=\"wp-block-uagb-container uagb-block-484a776e\">\n<figure class=\"wp-block-image aligncenter size-large\"><img loading=\"lazy\" decoding=\"async\" width=\"1024\" height=\"683\" src=\"https:\/\/www.smart-digital-link.com\/wp-content\/uploads\/2022\/03\/Dome_56_75-1024x683.png\" alt=\"\" class=\"wp-image-7352\" srcset=\"https:\/\/www.smart-digital-link.com\/wp-content\/uploads\/2022\/03\/Dome_56_75-1024x683.png 1024w, https:\/\/www.smart-digital-link.com\/wp-content\/uploads\/2022\/03\/Dome_56_75-300x200.png 300w, https:\/\/www.smart-digital-link.com\/wp-content\/uploads\/2022\/03\/Dome_56_75-768x512.png 768w, https:\/\/www.smart-digital-link.com\/wp-content\/uploads\/2022\/03\/Dome_56_75-600x400.png 600w, https:\/\/www.smart-digital-link.com\/wp-content\/uploads\/2022\/03\/Dome_56_75.png 1200w\" sizes=\"(max-width: 1024px) 100vw, 1024px\" \/><figcaption>D\u00f4me de protection en verre acrylique, poids 4,3 kg<\/figcaption><\/figure>\n<\/div>\n\n\n\n<div class=\"wp-block-uagb-container uagb-block-59362fca\">\n<figure class=\"wp-block-image aligncenter size-large\"><img loading=\"lazy\" decoding=\"async\" width=\"1024\" height=\"683\" src=\"https:\/\/www.smart-digital-link.com\/wp-content\/uploads\/2022\/03\/SUSPENSION_TRI_HELICE-1024x683.png\" alt=\"\" class=\"wp-image-7353\" srcset=\"https:\/\/www.smart-digital-link.com\/wp-content\/uploads\/2022\/03\/SUSPENSION_TRI_HELICE-1024x683.png 1024w, https:\/\/www.smart-digital-link.com\/wp-content\/uploads\/2022\/03\/SUSPENSION_TRI_HELICE-300x200.png 300w, https:\/\/www.smart-digital-link.com\/wp-content\/uploads\/2022\/03\/SUSPENSION_TRI_HELICE-768x512.png 768w, https:\/\/www.smart-digital-link.com\/wp-content\/uploads\/2022\/03\/SUSPENSION_TRI_HELICE-600x400.png 600w, https:\/\/www.smart-digital-link.com\/wp-content\/uploads\/2022\/03\/SUSPENSION_TRI_HELICE.png 1200w\" sizes=\"(max-width: 1024px) 100vw, 1024px\" \/><figcaption>Bras de suspension fixation plafond pour3 HYPERVSN<\/figcaption><\/figure>\n<\/div>\n\n\n\n<div class=\"wp-block-uagb-container uagb-block-32765981\">\n<figure class=\"wp-block-image aligncenter size-large\"><img loading=\"lazy\" decoding=\"async\" width=\"1024\" height=\"683\" src=\"https:\/\/www.smart-digital-link.com\/wp-content\/uploads\/2022\/09\/tripod-1024x683.png\" alt=\"\" class=\"wp-image-7758\" srcset=\"https:\/\/www.smart-digital-link.com\/wp-content\/uploads\/2022\/09\/tripod-1024x683.png 1024w, https:\/\/www.smart-digital-link.com\/wp-content\/uploads\/2022\/09\/tripod-300x200.png 300w, https:\/\/www.smart-digital-link.com\/wp-content\/uploads\/2022\/09\/tripod-768x512.png 768w, https:\/\/www.smart-digital-link.com\/wp-content\/uploads\/2022\/09\/tripod-600x400.png 600w, https:\/\/www.smart-digital-link.com\/wp-content\/uploads\/2022\/09\/tripod.png 1200w\" sizes=\"(max-width: 1024px) 100vw, 1024px\" \/><figcaption>Tripod HYPERVSN pour une installation rapide 155cm-220cm<\/figcaption><\/figure>\n<\/div>\n<\/div><\/div>\n\n\n\n<div class=\"wp-block-uagb-container uagb-block-9a5758bc alignfull uagb-is-root-container\"><div class=\"uagb-container-inner-blocks-wrap\">\n<div class=\"wp-block-uagb-container uagb-block-9107e2e9\">\n<figure class=\"wp-block-image aligncenter size-large\"><img loading=\"lazy\" decoding=\"async\" width=\"1024\" height=\"683\" src=\"https:\/\/www.smart-digital-link.com\/wp-content\/uploads\/2022\/09\/Hypercircle-1024x683.png\" alt=\"\" class=\"wp-image-7760\" srcset=\"https:\/\/www.smart-digital-link.com\/wp-content\/uploads\/2022\/09\/Hypercircle-1024x683.png 1024w, https:\/\/www.smart-digital-link.com\/wp-content\/uploads\/2022\/09\/Hypercircle-300x200.png 300w, https:\/\/www.smart-digital-link.com\/wp-content\/uploads\/2022\/09\/Hypercircle-768x512.png 768w, https:\/\/www.smart-digital-link.com\/wp-content\/uploads\/2022\/09\/Hypercircle-600x400.png 600w, https:\/\/www.smart-digital-link.com\/wp-content\/uploads\/2022\/09\/Hypercircle.png 1200w\" sizes=\"(max-width: 1024px) 100vw, 1024px\" \/><figcaption>Hypercircle pour HYPERVSN 56 ou 75, diam\u00e8tre de 80 cm<\/figcaption><\/figure>\n<\/div>\n\n\n\n<div class=\"wp-block-uagb-container uagb-block-c075c77e\">\n<figure class=\"wp-block-image aligncenter size-large\"><img loading=\"lazy\" decoding=\"async\" width=\"1024\" height=\"683\" src=\"https:\/\/www.smart-digital-link.com\/wp-content\/uploads\/2022\/09\/HYPERHEXA-1024x683.png\" alt=\"\" class=\"wp-image-7762\" srcset=\"https:\/\/www.smart-digital-link.com\/wp-content\/uploads\/2022\/09\/HYPERHEXA-1024x683.png 1024w, https:\/\/www.smart-digital-link.com\/wp-content\/uploads\/2022\/09\/HYPERHEXA-300x200.png 300w, https:\/\/www.smart-digital-link.com\/wp-content\/uploads\/2022\/09\/HYPERHEXA-768x512.png 768w, https:\/\/www.smart-digital-link.com\/wp-content\/uploads\/2022\/09\/HYPERHEXA-600x400.png 600w, https:\/\/www.smart-digital-link.com\/wp-content\/uploads\/2022\/09\/HYPERHEXA.png 1200w\" sizes=\"(max-width: 1024px) 100vw, 1024px\" \/><figcaption>Hyperhexa pour HYPERVSN 56 ou 75, diam\u00e8tre de 80 cm <\/figcaption><\/figure>\n<\/div>\n\n\n\n<div class=\"wp-block-uagb-container uagb-block-bba1ad74\">\n<figure class=\"wp-block-image aligncenter size-large is-resized\"><img loading=\"lazy\" decoding=\"async\" src=\"https:\/\/www.smart-digital-link.com\/wp-content\/uploads\/2022\/09\/HYPERKUB-1024x683.png\" alt=\"\" class=\"wp-image-7763\" width=\"349\" height=\"232\" srcset=\"https:\/\/www.smart-digital-link.com\/wp-content\/uploads\/2022\/09\/HYPERKUB-1024x683.png 1024w, https:\/\/www.smart-digital-link.com\/wp-content\/uploads\/2022\/09\/HYPERKUB-300x200.png 300w, https:\/\/www.smart-digital-link.com\/wp-content\/uploads\/2022\/09\/HYPERKUB-768x512.png 768w, https:\/\/www.smart-digital-link.com\/wp-content\/uploads\/2022\/09\/HYPERKUB-600x400.png 600w, https:\/\/www.smart-digital-link.com\/wp-content\/uploads\/2022\/09\/HYPERKUB.png 1200w\" sizes=\"(max-width: 349px) 100vw, 349px\" \/><figcaption>Hyperkub pour HYPERVSN 56 ou 75, dim: 600 X 600 X 282mm<\/figcaption><\/figure>\n<\/div>\n<\/div><\/div>\n\n\n\n<div class=\"wp-block-uagb-container uagb-block-720a4680 alignfull uagb-is-root-container\"><div class=\"uagb-container-inner-blocks-wrap\">\n<div class=\"wp-block-uagb-container uagb-block-79afc045\">\n<figure class=\"wp-block-image aligncenter size-large\"><img loading=\"lazy\" decoding=\"async\" width=\"1024\" height=\"683\" src=\"https:\/\/www.smart-digital-link.com\/wp-content\/uploads\/2022\/09\/VALISE-1024x683.png\" alt=\"\" class=\"wp-image-7767\" srcset=\"https:\/\/www.smart-digital-link.com\/wp-content\/uploads\/2022\/09\/VALISE-1024x683.png 1024w, https:\/\/www.smart-digital-link.com\/wp-content\/uploads\/2022\/09\/VALISE-300x200.png 300w, https:\/\/www.smart-digital-link.com\/wp-content\/uploads\/2022\/09\/VALISE-768x512.png 768w, https:\/\/www.smart-digital-link.com\/wp-content\/uploads\/2022\/09\/VALISE-600x400.png 600w, https:\/\/www.smart-digital-link.com\/wp-content\/uploads\/2022\/09\/VALISE.png 1200w\" sizes=\"(max-width: 1024px) 100vw, 1024px\" \/><figcaption>Malette d\u00e9mo pour HYPERVSN pour h\u00e9lices 56 cm<\/figcaption><\/figure>\n<\/div>\n\n\n\n<div class=\"wp-block-uagb-container uagb-block-c5d542fb\">\n<figure class=\"wp-block-image size-large is-resized\"><img loading=\"lazy\" decoding=\"async\" src=\"https:\/\/www.smart-digital-link.com\/wp-content\/uploads\/2022\/09\/SUSPENSION_1-1024x683.png\" alt=\"\" class=\"wp-image-7768\" width=\"344\" height=\"229\" srcset=\"https:\/\/www.smart-digital-link.com\/wp-content\/uploads\/2022\/09\/SUSPENSION_1-1024x683.png 1024w, https:\/\/www.smart-digital-link.com\/wp-content\/uploads\/2022\/09\/SUSPENSION_1-300x200.png 300w, https:\/\/www.smart-digital-link.com\/wp-content\/uploads\/2022\/09\/SUSPENSION_1-768x512.png 768w, https:\/\/www.smart-digital-link.com\/wp-content\/uploads\/2022\/09\/SUSPENSION_1-600x400.png 600w, https:\/\/www.smart-digital-link.com\/wp-content\/uploads\/2022\/09\/SUSPENSION_1.png 1200w\" sizes=\"(max-width: 344px) 100vw, 344px\" \/><figcaption>Support plafond pour HYPERVSN pour h\u00e9lices 56 ou 75 cm<\/figcaption><\/figure>\n<\/div>\n\n\n\n<div class=\"wp-block-uagb-container uagb-block-a0ac9f81\">\n<figure class=\"wp-block-image aligncenter size-large is-resized\"><img loading=\"lazy\" decoding=\"async\" src=\"https:\/\/www.smart-digital-link.com\/wp-content\/uploads\/2022\/09\/VALISE-1024x683.png\" alt=\"\" class=\"wp-image-7767\" width=\"340\" height=\"226\" srcset=\"https:\/\/www.smart-digital-link.com\/wp-content\/uploads\/2022\/09\/VALISE-1024x683.png 1024w, https:\/\/www.smart-digital-link.com\/wp-content\/uploads\/2022\/09\/VALISE-300x200.png 300w, https:\/\/www.smart-digital-link.com\/wp-content\/uploads\/2022\/09\/VALISE-768x512.png 768w, https:\/\/www.smart-digital-link.com\/wp-content\/uploads\/2022\/09\/VALISE-600x400.png 600w, https:\/\/www.smart-digital-link.com\/wp-content\/uploads\/2022\/09\/VALISE.png 1200w\" sizes=\"(max-width: 340px) 100vw, 340px\" \/><figcaption>Malette d\u00e9mo pour HYPERVSN pour h\u00e9lices 56 cm<\/figcaption><\/figure>\n<\/div>\n<\/div><\/div>\n\n\n\n<div class=\"wp-block-buttons is-layout-flex wp-block-buttons-is-layout-flex\"><\/div>\n\n\n\n<div class=\"wp-block-uagb-buttons uagb-buttons__outer-wrap uagb-btn__default-btn uagb-btn-tablet__default-btn uagb-btn-mobile__default-btn uagb-block-6eaa4249\"><div class=\"uagb-buttons__wrap uagb-buttons-layout-wrap\">\n<div class=\"wp-block-uagb-buttons-child uagb-buttons__outer-wrap uagb-block-0781cf4c wp-block-button is-style-outline\"><div class=\"uagb-button__wrapper\"><a class=\"uagb-buttons-repeater wp-block-button__link\" href=\"https:\/\/www.smart-digital-link.com\/index.php\/contact\/\" rel=\"follow noopener\" target=\"_self\"><div class=\"uagb-button__link\">JE DEMANDE UN DEVIS<\/div><\/a><\/div><\/div>\n<\/div><\/div>\n","protected":false},"excerpt":{"rendered":"<p>LES ACCESSOIRES<\/p>\n","protected":false},"author":1,"featured_media":0,"parent":0,"menu_order":0,"comment_status":"closed","ping_status":"closed","template":"","meta":{"site-sidebar-layout":"no-sidebar","site-content-layout":"plain-container","ast-global-header-display":"","ast-main-header-display":"","ast-hfb-above-header-display":"","ast-hfb-below-header-display":"","ast-hfb-mobile-header-display":"","site-post-title":"disabled","ast-breadcrumbs-content":"","ast-featured-img":"disabled","footer-sml-layout":"","theme-transparent-header-meta":"enabled","adv-header-id-meta":"","stick-header-meta":"","header-above-stick-meta":"","header-main-stick-meta":"","header-below-stick-meta":"","footnotes":""},"yoast_head":"<!-- This site is optimized with the Yoast SEO plugin v19.8 - https:\/\/yoast.com\/wordpress\/plugins\/seo\/ -->\n<title>Nos helices holographiques 3D - HOLOGRAMME 3D<\/title>\n<meta name=\"description\" content=\"SMART DIGITAL LINK, propose \u00e0 la vente et \u00e0 la location, les cabines holographiques 3D, humano\u00efde, animations conf\u00e9rences, s\u00e9minaires,mariage\" \/>\n<meta name=\"robots\" content=\"index, follow, max-snippet:-1, max-image-preview:large, max-video-preview:-1\" \/>\n<link rel=\"canonical\" href=\"https:\/\/www.smart-digital-link.com\/index.php\/nos-helices-holographiques-3d\/\" \/>\n<meta property=\"og:locale\" content=\"fr_FR\" \/>\n<meta property=\"og:type\" content=\"article\" \/>\n<meta property=\"og:title\" content=\"Nos helices holographiques 3D - HOLOGRAMME 3D\" \/>\n<meta property=\"og:description\" content=\"SMART DIGITAL LINK, propose \u00e0 la vente et \u00e0 la location, les cabines holographiques 3D, humano\u00efde, animations conf\u00e9rences, s\u00e9minaires,mariage\" \/>\n<meta property=\"og:url\" content=\"https:\/\/www.smart-digital-link.com\/index.php\/nos-helices-holographiques-3d\/\" \/>\n<meta property=\"og:site_name\" content=\"HOLOGRAMME 3D\" \/>\n<meta property=\"article:publisher\" content=\"https:\/\/www.facebook.com\/smartdigitallink\" \/>\n<meta property=\"article:modified_time\" content=\"2022-09-29T09:55:45+00:00\" \/>\n<meta property=\"og:image\" content=\"https:\/\/www.smart-digital-link.com\/wp-content\/uploads\/2022\/09\/Helice_Holog.jpg\" \/>\n<meta name=\"twitter:card\" content=\"summary_large_image\" \/>\n<meta name=\"twitter:label1\" content=\"Dur\u00e9e de lecture estim\u00e9e\" \/>\n\t<meta name=\"twitter:data1\" content=\"3 minutes\" \/>\n<script type=\"application\/ld+json\" class=\"yoast-schema-graph\">{\"@context\":\"https:\/\/schema.org\",\"@graph\":[{\"@type\":\"WebPage\",\"@id\":\"https:\/\/www.smart-digital-link.com\/index.php\/nos-helices-holographiques-3d\/\",\"url\":\"https:\/\/www.smart-digital-link.com\/index.php\/nos-helices-holographiques-3d\/\",\"name\":\"Nos helices holographiques 3D - HOLOGRAMME 3D\",\"isPartOf\":{\"@id\":\"https:\/\/www.smart-digital-link.com\/#website\"},\"datePublished\":\"2022-09-29T07:54:46+00:00\",\"dateModified\":\"2022-09-29T09:55:45+00:00\",\"description\":\"SMART DIGITAL LINK, propose \u00e0 la vente et \u00e0 la location, les cabines holographiques 3D, humano\u00efde, animations conf\u00e9rences, s\u00e9minaires,mariage\",\"breadcrumb\":{\"@id\":\"https:\/\/www.smart-digital-link.com\/index.php\/nos-helices-holographiques-3d\/#breadcrumb\"},\"inLanguage\":\"fr-FR\",\"potentialAction\":[{\"@type\":\"ReadAction\",\"target\":[\"https:\/\/www.smart-digital-link.com\/index.php\/nos-helices-holographiques-3d\/\"]}]},{\"@type\":\"BreadcrumbList\",\"@id\":\"https:\/\/www.smart-digital-link.com\/index.php\/nos-helices-holographiques-3d\/#breadcrumb\",\"itemListElement\":[{\"@type\":\"ListItem\",\"position\":1,\"name\":\"Accueil\",\"item\":\"https:\/\/www.smart-digital-link.com\/\"},{\"@type\":\"ListItem\",\"position\":2,\"name\":\"Nos helices holographiques 3D\"}]},{\"@type\":\"WebSite\",\"@id\":\"https:\/\/www.smart-digital-link.com\/#website\",\"url\":\"https:\/\/www.smart-digital-link.com\/\",\"name\":\"HOLOGRAMME 3D\",\"description\":\"HELICE HOLOGRAPHIQUE 3D\",\"publisher\":{\"@id\":\"https:\/\/www.smart-digital-link.com\/#organization\"},\"potentialAction\":[{\"@type\":\"SearchAction\",\"target\":{\"@type\":\"EntryPoint\",\"urlTemplate\":\"https:\/\/www.smart-digital-link.com\/?s={search_term_string}\"},\"query-input\":\"required name=search_term_string\"}],\"inLanguage\":\"fr-FR\"},{\"@type\":\"Organization\",\"@id\":\"https:\/\/www.smart-digital-link.com\/#organization\",\"name\":\"SMART DIGITAL LINK\",\"url\":\"https:\/\/www.smart-digital-link.com\/\",\"sameAs\":[\"https:\/\/www.instagram.com\/sdl_hologramme3d\/\",\"https:\/\/www.youtube.com\/channel\/UC_y90BDVPN4YAoV-9cCRiqA\",\"https:\/\/www.facebook.com\/smartdigitallink\"],\"logo\":{\"@type\":\"ImageObject\",\"inLanguage\":\"fr-FR\",\"@id\":\"https:\/\/www.smart-digital-link.com\/#\/schema\/logo\/image\/\",\"url\":\"https:\/\/www.smart-digital-link.com\/wp-content\/uploads\/2022\/04\/cropped-logo-SDL.png\",\"contentUrl\":\"https:\/\/www.smart-digital-link.com\/wp-content\/uploads\/2022\/04\/cropped-logo-SDL.png\",\"width\":1183,\"height\":551,\"caption\":\"SMART DIGITAL LINK\"},\"image\":{\"@id\":\"https:\/\/www.smart-digital-link.com\/#\/schema\/logo\/image\/\"}}]}<\/script>\n<!-- \/ Yoast SEO plugin. -->","yoast_head_json":{"title":"Nos helices holographiques 3D - HOLOGRAMME 3D","description":"SMART DIGITAL LINK, propose \u00e0 la vente et \u00e0 la location, les cabines holographiques 3D, humano\u00efde, animations conf\u00e9rences, s\u00e9minaires,mariage","robots":{"index":"index","follow":"follow","max-snippet":"max-snippet:-1","max-image-preview":"max-image-preview:large","max-video-preview":"max-video-preview:-1"},"canonical":"https:\/\/www.smart-digital-link.com\/index.php\/nos-helices-holographiques-3d\/","og_locale":"fr_FR","og_type":"article","og_title":"Nos helices holographiques 3D - HOLOGRAMME 3D","og_description":"SMART DIGITAL LINK, propose \u00e0 la vente et \u00e0 la location, les cabines holographiques 3D, humano\u00efde, animations conf\u00e9rences, s\u00e9minaires,mariage","og_url":"https:\/\/www.smart-digital-link.com\/index.php\/nos-helices-holographiques-3d\/","og_site_name":"HOLOGRAMME 3D","article_publisher":"https:\/\/www.facebook.com\/smartdigitallink","article_modified_time":"2022-09-29T09:55:45+00:00","og_image":[{"url":"https:\/\/www.smart-digital-link.com\/wp-content\/uploads\/2022\/09\/Helice_Holog.jpg"}],"twitter_card":"summary_large_image","twitter_misc":{"Dur\u00e9e de lecture estim\u00e9e":"3 minutes"},"schema":{"@context":"https:\/\/schema.org","@graph":[{"@type":"WebPage","@id":"https:\/\/www.smart-digital-link.com\/index.php\/nos-helices-holographiques-3d\/","url":"https:\/\/www.smart-digital-link.com\/index.php\/nos-helices-holographiques-3d\/","name":"Nos helices holographiques 3D - HOLOGRAMME 3D","isPartOf":{"@id":"https:\/\/www.smart-digital-link.com\/#website"},"datePublished":"2022-09-29T07:54:46+00:00","dateModified":"2022-09-29T09:55:45+00:00","description":"SMART DIGITAL LINK, propose \u00e0 la vente et \u00e0 la location, les cabines holographiques 3D, humano\u00efde, animations conf\u00e9rences, s\u00e9minaires,mariage","breadcrumb":{"@id":"https:\/\/www.smart-digital-link.com\/index.php\/nos-helices-holographiques-3d\/#breadcrumb"},"inLanguage":"fr-FR","potentialAction":[{"@type":"ReadAction","target":["https:\/\/www.smart-digital-link.com\/index.php\/nos-helices-holographiques-3d\/"]}]},{"@type":"BreadcrumbList","@id":"https:\/\/www.smart-digital-link.com\/index.php\/nos-helices-holographiques-3d\/#breadcrumb","itemListElement":[{"@type":"ListItem","position":1,"name":"Accueil","item":"https:\/\/www.smart-digital-link.com\/"},{"@type":"ListItem","position":2,"name":"Nos helices holographiques 3D"}]},{"@type":"WebSite","@id":"https:\/\/www.smart-digital-link.com\/#website","url":"https:\/\/www.smart-digital-link.com\/","name":"HOLOGRAMME 3D","description":"HELICE HOLOGRAPHIQUE 3D","publisher":{"@id":"https:\/\/www.smart-digital-link.com\/#organization"},"potentialAction":[{"@type":"SearchAction","target":{"@type":"EntryPoint","urlTemplate":"https:\/\/www.smart-digital-link.com\/?s={search_term_string}"},"query-input":"required name=search_term_string"}],"inLanguage":"fr-FR"},{"@type":"Organization","@id":"https:\/\/www.smart-digital-link.com\/#organization","name":"SMART DIGITAL LINK","url":"https:\/\/www.smart-digital-link.com\/","sameAs":["https:\/\/www.instagram.com\/sdl_hologramme3d\/","https:\/\/www.youtube.com\/channel\/UC_y90BDVPN4YAoV-9cCRiqA","https:\/\/www.facebook.com\/smartdigitallink"],"logo":{"@type":"ImageObject","inLanguage":"fr-FR","@id":"https:\/\/www.smart-digital-link.com\/#\/schema\/logo\/image\/","url":"https:\/\/www.smart-digital-link.com\/wp-content\/uploads\/2022\/04\/cropped-logo-SDL.png","contentUrl":"https:\/\/www.smart-digital-link.com\/wp-content\/uploads\/2022\/04\/cropped-logo-SDL.png","width":1183,"height":551,"caption":"SMART DIGITAL LINK"},"image":{"@id":"https:\/\/www.smart-digital-link.com\/#\/schema\/logo\/image\/"}}]}},"uagb_featured_image_src":{"full":false,"thumbnail":false,"medium":false,"medium_large":false,"large":false,"1536x1536":false,"2048x2048":false,"woocommerce_thumbnail":false,"woocommerce_single":false,"woocommerce_gallery_thumbnail":false},"uagb_author_info":{"display_name":"Admin31676","author_link":"https:\/\/www.smart-digital-link.com\/index.php\/author\/admin31676\/"},"uagb_comment_info":0,"uagb_excerpt":"LES ACCESSOIRES","_links":{"self":[{"href":"https:\/\/www.smart-digital-link.com\/index.php\/wp-json\/wp\/v2\/pages\/7736"}],"collection":[{"href":"https:\/\/www.smart-digital-link.com\/index.php\/wp-json\/wp\/v2\/pages"}],"about":[{"href":"https:\/\/www.smart-digital-link.com\/index.php\/wp-json\/wp\/v2\/types\/page"}],"author":[{"embeddable":true,"href":"https:\/\/www.smart-digital-link.com\/index.php\/wp-json\/wp\/v2\/users\/1"}],"replies":[{"embeddable":true,"href":"https:\/\/www.smart-digital-link.com\/index.php\/wp-json\/wp\/v2\/comments?post=7736"}],"version-history":[{"count":19,"href":"https:\/\/www.smart-digital-link.com\/index.php\/wp-json\/wp\/v2\/pages\/7736\/revisions"}],"predecessor-version":[{"id":7788,"href":"https:\/\/www.smart-digital-link.com\/index.php\/wp-json\/wp\/v2\/pages\/7736\/revisions\/7788"}],"wp:attachment":[{"href":"https:\/\/www.smart-digital-link.com\/index.php\/wp-json\/wp\/v2\/media?parent=7736"}],"curies":[{"name":"wp","href":"https:\/\/api.w.org\/{rel}","templated":true}]}}