{"id":7796,"date":"2022-09-29T14:27:58","date_gmt":"2022-09-29T12:27:58","guid":{"rendered":"https:\/\/www.smart-digital-link.com\/?page_id=7796"},"modified":"2022-09-29T15:23:55","modified_gmt":"2022-09-29T13:23:55","slug":"videotheque-des-realisations-hypervsn","status":"publish","type":"page","link":"https:\/\/www.smart-digital-link.com\/index.php\/videotheque-des-realisations-hypervsn\/","title":{"rendered":"Vid\u00e9oth\u00e8ques"},"content":{"rendered":"\n<div class=\"wp-block-uagb-container uagb-block-fcd89df8 alignfull uagb-is-root-container\"><div class=\"uagb-container-inner-blocks-wrap\">\n<div class=\"wp-block-cover alignfull is-light is-layout-flow wp-block-cover-is-layout-flow\" style=\"min-height:190px\"><span aria-hidden=\"true\" class=\"wp-block-cover__background has-background-dim-100 has-background-dim\"><\/span><div class=\"wp-block-cover__inner-container\"><\/div><\/div>\n\n\n\n<p><\/p>\n<\/div><\/div>\n\n\n\n<p class=\"has-text-align-center has-large-font-size\">EXEMPLES D&rsquo;UTILISATIONS DES HOLOGRAMMES 3D<\/p>\n\n\n\n<div class=\"wp-block-uagb-container uagb-block-381426d9 alignfull uagb-is-root-container\"><div class=\"uagb-container-inner-blocks-wrap\">\n<div class=\"wp-block-uagb-container uagb-block-f4db5d1a\">\n<figure class=\"wp-block-embed aligncenter is-type-video is-provider-youtube wp-block-embed-youtube wp-embed-aspect-16-9 wp-has-aspect-ratio\"><div class=\"wp-block-embed__wrapper\">\n<div class=\"ast-oembed-container\" style=\"height: 100%;\"><iframe loading=\"lazy\" title=\"BOX HOLOGRAMME 3D\" width=\"500\" height=\"281\" src=\"https:\/\/www.youtube.com\/embed\/HQRmoGmEMiM?feature=oembed\" frameborder=\"0\" allow=\"accelerometer; autoplay; clipboard-write; encrypted-media; gyroscope; picture-in-picture\" allowfullscreen><\/iframe><\/div>\n<\/div><figcaption>SMART DIGITAL LINK pr\u00e9sente sa valise de d\u00e9monstration avec h\u00e9lice 56cm<\/figcaption><\/figure>\n<\/div>\n\n\n\n<div class=\"wp-block-uagb-container uagb-block-ad43baf4\">\n<figure class=\"wp-block-embed aligncenter is-type-video is-provider-youtube wp-block-embed-youtube wp-embed-aspect-16-9 wp-has-aspect-ratio\"><div class=\"wp-block-embed__wrapper\">\n<div class=\"ast-oembed-container\" style=\"height: 100%;\"><iframe loading=\"lazy\" title=\"HYPERVSN SmartV 3D Modeller\" width=\"500\" height=\"281\" src=\"https:\/\/www.youtube.com\/embed\/_PyFned2JfE?feature=oembed\" frameborder=\"0\" allow=\"accelerometer; autoplay; clipboard-write; encrypted-media; gyroscope; picture-in-picture\" allowfullscreen><\/iframe><\/div>\n<\/div><figcaption>HYPERVSN SMARTV 3D TOUCHPAD<\/figcaption><\/figure>\n<\/div>\n<\/div><\/div>\n\n\n\n<div class=\"wp-block-uagb-container uagb-block-61095d8c alignfull uagb-is-root-container\"><div class=\"uagb-container-inner-blocks-wrap\">\n<div class=\"wp-block-uagb-container uagb-block-87028124\">\n<figure class=\"wp-block-embed is-type-video is-provider-youtube wp-block-embed-youtube wp-embed-aspect-16-9 wp-has-aspect-ratio\"><div class=\"wp-block-embed__wrapper\">\n<div class=\"ast-oembed-container\" style=\"height: 100%;\"><iframe loading=\"lazy\" title=\"Holographic Human by HYPERVSN\" width=\"500\" height=\"281\" src=\"https:\/\/www.youtube.com\/embed\/K82dgSxYejE?feature=oembed\" frameborder=\"0\" allow=\"accelerometer; autoplay; clipboard-write; encrypted-media; gyroscope; picture-in-picture\" allowfullscreen><\/iframe><\/div>\n<\/div><figcaption>HYPERVSN hologramme humain<\/figcaption><\/figure>\n<\/div>\n\n\n\n<div class=\"wp-block-uagb-container uagb-block-a5d31316\">\n<figure class=\"wp-block-embed is-type-video is-provider-youtube wp-block-embed-youtube wp-embed-aspect-16-9 wp-has-aspect-ratio\"><div class=\"wp-block-embed__wrapper\">\n<div class=\"ast-oembed-container\" style=\"height: 100%;\"><iframe loading=\"lazy\" title=\"HYPERVSN SmartV Digital Avatar Solution\" width=\"500\" height=\"281\" src=\"https:\/\/www.youtube.com\/embed\/QdaIcPn85MY?feature=oembed\" frameborder=\"0\" allow=\"accelerometer; autoplay; clipboard-write; encrypted-media; gyroscope; picture-in-picture\" allowfullscreen><\/iframe><\/div>\n<\/div><figcaption>HYPERVSN SmartV Digital Avatar Solution<\/figcaption><\/figure>\n<\/div>\n<\/div><\/div>\n\n\n\n<div class=\"wp-block-uagb-container uagb-block-5cb3fc35 alignfull uagb-is-root-container\"><div class=\"uagb-container-inner-blocks-wrap\">\n<div class=\"wp-block-uagb-container uagb-block-3e4957ef\">\n<figure class=\"wp-block-embed is-type-video is-provider-youtube wp-block-embed-youtube wp-embed-aspect-16-9 wp-has-aspect-ratio\"><div class=\"wp-block-embed__wrapper\">\n<div class=\"ast-oembed-container\" style=\"height: 100%;\"><iframe loading=\"lazy\" title=\"HYPERVSN Wall Portable\" width=\"500\" height=\"281\" src=\"https:\/\/www.youtube.com\/embed\/lAQImLzG0b0?feature=oembed\" frameborder=\"0\" allow=\"accelerometer; autoplay; clipboard-write; encrypted-media; gyroscope; picture-in-picture\" allowfullscreen><\/iframe><\/div>\n<\/div><figcaption>HYPERVSN MUR D&rsquo;HELICES HOLOGRAPHIQUES 3D<\/figcaption><\/figure>\n<\/div>\n\n\n\n<div class=\"wp-block-uagb-container uagb-block-caf44738\">\n<figure class=\"wp-block-embed is-type-video is-provider-youtube wp-block-embed-youtube wp-embed-aspect-16-9 wp-has-aspect-ratio\"><div class=\"wp-block-embed__wrapper\">\n<div class=\"ast-oembed-container\" style=\"height: 100%;\"><iframe loading=\"lazy\" title=\"HYPERVSN for Automotive Industry\" width=\"500\" height=\"281\" src=\"https:\/\/www.youtube.com\/embed\/AFZ9HVExTm8?feature=oembed\" frameborder=\"0\" allow=\"accelerometer; autoplay; clipboard-write; encrypted-media; gyroscope; picture-in-picture\" allowfullscreen><\/iframe><\/div>\n<\/div><figcaption>HYPERVSN Animation pour l&rsquo;automobile<\/figcaption><\/figure>\n<\/div>\n<\/div><\/div>\n\n\n\n<div class=\"wp-block-uagb-container uagb-block-0ac75752 alignfull uagb-is-root-container\"><div class=\"uagb-container-inner-blocks-wrap\">\n<div class=\"wp-block-uagb-container uagb-block-76b3815c\">\n<figure class=\"wp-block-embed is-type-video is-provider-youtube wp-block-embed-youtube wp-embed-aspect-16-9 wp-has-aspect-ratio\"><div class=\"wp-block-embed__wrapper\">\n<div class=\"ast-oembed-container\" style=\"height: 100%;\"><iframe loading=\"lazy\" title=\"3D Holographic Installation at Wedding Ceremony\" width=\"500\" height=\"281\" src=\"https:\/\/www.youtube.com\/embed\/8qTXOpw0oIU?feature=oembed\" frameborder=\"0\" allow=\"accelerometer; autoplay; clipboard-write; encrypted-media; gyroscope; picture-in-picture\" allowfullscreen><\/iframe><\/div>\n<\/div><figcaption>HYPERVSN Animation pour les mariages<\/figcaption><\/figure>\n<\/div>\n\n\n\n<div class=\"wp-block-uagb-container uagb-block-ebcb1a1d\">\n<figure class=\"wp-block-embed is-type-video is-provider-youtube wp-block-embed-youtube wp-embed-aspect-16-9 wp-has-aspect-ratio\"><div class=\"wp-block-embed__wrapper\">\n<div class=\"ast-oembed-container\" style=\"height: 100%;\"><iframe loading=\"lazy\" title=\"Kino-mo Hypervsn Hologram System\" width=\"500\" height=\"281\" src=\"https:\/\/www.youtube.com\/embed\/86DAlrPQnJ8?feature=oembed\" frameborder=\"0\" allow=\"accelerometer; autoplay; clipboard-write; encrypted-media; gyroscope; picture-in-picture\" allowfullscreen><\/iframe><\/div>\n<\/div><figcaption>HYPERVSN Animation pour les salons<\/figcaption><\/figure>\n<\/div>\n<\/div><\/div>\n\n\n\n<div class=\"wp-block-uagb-container uagb-block-022e01f9 alignfull uagb-is-root-container\"><div class=\"uagb-container-inner-blocks-wrap\">\n<div class=\"wp-block-uagb-container uagb-block-b99c60d8\">\n<figure class=\"wp-block-embed is-type-video is-provider-youtube wp-block-embed-youtube wp-embed-aspect-16-9 wp-has-aspect-ratio\"><div class=\"wp-block-embed__wrapper\">\n<div class=\"ast-oembed-container\" style=\"height: 100%;\"><iframe loading=\"lazy\" title=\"HYPERVSN 3D Holographic Visuals at ELLE&#039;s Premium Event\" width=\"500\" height=\"281\" src=\"https:\/\/www.youtube.com\/embed\/ZTljBSyrSn4?feature=oembed\" frameborder=\"0\" allow=\"accelerometer; autoplay; clipboard-write; encrypted-media; gyroscope; picture-in-picture\" allowfullscreen><\/iframe><\/div>\n<\/div><figcaption>HYPERVSN fait le show !!<\/figcaption><\/figure>\n<\/div>\n\n\n\n<div class=\"wp-block-uagb-container uagb-block-18905641\">\n<figure class=\"wp-block-embed is-type-video is-provider-youtube wp-block-embed-youtube wp-embed-aspect-16-9 wp-has-aspect-ratio\"><div class=\"wp-block-embed__wrapper\">\n<div class=\"ast-oembed-container\" style=\"height: 100%;\"><iframe loading=\"lazy\" title=\"HYPERVSN 3D holograms at the Light Festival in Kadriorg Park\" width=\"500\" height=\"281\" src=\"https:\/\/www.youtube.com\/embed\/GdUwEkDUpEM?feature=oembed\" frameborder=\"0\" allow=\"accelerometer; autoplay; clipboard-write; encrypted-media; gyroscope; picture-in-picture\" allowfullscreen><\/iframe><\/div>\n<\/div><figcaption>HYPERVSN fait son festival des lumi\u00e8res<\/figcaption><\/figure>\n<\/div>\n<\/div><\/div>\n\n\n\n<div class=\"wp-block-uagb-container uagb-block-cd2df37e alignfull uagb-is-root-container\"><div class=\"uagb-container-inner-blocks-wrap\">\n<div class=\"wp-block-uagb-container uagb-block-fa81d199\">\n<figure class=\"wp-block-embed is-type-video is-provider-youtube wp-block-embed-youtube wp-embed-aspect-16-9 wp-has-aspect-ratio\"><div class=\"wp-block-embed__wrapper\">\n<div class=\"ast-oembed-container\" style=\"height: 100%;\"><iframe loading=\"lazy\" title=\"HYPERVSN Holographic Displays to Promote Adidas Sneakers\" width=\"500\" height=\"281\" src=\"https:\/\/www.youtube.com\/embed\/jvOb5xLLIY4?feature=oembed\" frameborder=\"0\" allow=\"accelerometer; autoplay; clipboard-write; encrypted-media; gyroscope; picture-in-picture\" allowfullscreen><\/iframe><\/div>\n<\/div><figcaption>HYPERVSN choisie par ADIDAS pour la promotion<\/figcaption><\/figure>\n<\/div>\n\n\n\n<div class=\"wp-block-uagb-container uagb-block-a9961eed\">\n<figure class=\"wp-block-embed is-type-video is-provider-youtube wp-block-embed-youtube wp-embed-aspect-16-9 wp-has-aspect-ratio\"><div class=\"wp-block-embed__wrapper\">\n<div class=\"ast-oembed-container\" style=\"height: 100%;\"><iframe loading=\"lazy\" title=\"Holographic Dinosaurs at the BAB2 Mall\" width=\"500\" height=\"281\" src=\"https:\/\/www.youtube.com\/embed\/1mS7WcYssfQ?feature=oembed\" frameborder=\"0\" allow=\"accelerometer; autoplay; clipboard-write; encrypted-media; gyroscope; picture-in-picture\" allowfullscreen><\/iframe><\/div>\n<\/div><figcaption>HYPERVSN redonne vie aux dinosaures<\/figcaption><\/figure>\n<\/div>\n<\/div><\/div>\n\n\n\n<div class=\"wp-block-uagb-buttons uagb-buttons__outer-wrap uagb-btn__default-btn uagb-btn-tablet__default-btn uagb-btn-mobile__default-btn uagb-block-d7da38b1\"><div class=\"uagb-buttons__wrap uagb-buttons-layout-wrap\">\n<div class=\"wp-block-uagb-buttons-child uagb-buttons__outer-wrap uagb-block-cdb9acd8 wp-block-button is-style-outline\"><div class=\"uagb-button__wrapper\"><a class=\"uagb-buttons-repeater wp-block-button__link\" href=\"https:\/\/www.smart-digital-link.com\/index.php\/videos-pour-helice-holographique-hypervsn\/\" rel=\"follow noopener\" target=\"_self\"><div class=\"uagb-button__link\">VOIR VIDEOS POUR HELICES<\/div><\/a><\/div><\/div>\n<\/div><\/div>\n\n\n\n<div class=\"wp-block-buttons is-layout-flex wp-block-buttons-is-layout-flex\"><\/div>\n\n\n\n<div class=\"wp-block-buttons is-layout-flex wp-block-buttons-is-layout-flex\"><\/div>\n","protected":false},"excerpt":{"rendered":"<p>EXEMPLES D&rsquo;UTILISATIONS DES HOLOGRAMMES 3D<\/p>\n","protected":false},"author":1,"featured_media":0,"parent":0,"menu_order":0,"comment_status":"closed","ping_status":"closed","template":"","meta":{"site-sidebar-layout":"no-sidebar","site-content-layout":"plain-container","ast-global-header-display":"","ast-main-header-display":"","ast-hfb-above-header-display":"","ast-hfb-below-header-display":"","ast-hfb-mobile-header-display":"","site-post-title":"disabled","ast-breadcrumbs-content":"","ast-featured-img":"disabled","footer-sml-layout":"","theme-transparent-header-meta":"enabled","adv-header-id-meta":"","stick-header-meta":"","header-above-stick-meta":"","header-main-stick-meta":"","header-below-stick-meta":"","footnotes":""},"yoast_head":"<!-- This site is optimized with the Yoast SEO plugin v19.8 - https:\/\/yoast.com\/wordpress\/plugins\/seo\/ -->\n<title>Vid\u00e9oth\u00e8ques - HOLOGRAMME 3D<\/title>\n<meta name=\"description\" content=\"SMART DIGITAL LINK, pr\u00e9sente les derni\u00e8res r\u00e9alisations des animations HYPERVSN avec les h\u00e9lices holographiques 3d\" \/>\n<meta name=\"robots\" content=\"index, follow, max-snippet:-1, max-image-preview:large, max-video-preview:-1\" \/>\n<link rel=\"canonical\" href=\"https:\/\/www.smart-digital-link.com\/index.php\/videotheque-des-realisations-hypervsn\/\" \/>\n<meta property=\"og:locale\" content=\"fr_FR\" \/>\n<meta property=\"og:type\" content=\"article\" \/>\n<meta property=\"og:title\" content=\"Vid\u00e9oth\u00e8ques - HOLOGRAMME 3D\" \/>\n<meta property=\"og:description\" content=\"SMART DIGITAL LINK, pr\u00e9sente les derni\u00e8res r\u00e9alisations des animations HYPERVSN avec les h\u00e9lices holographiques 3d\" \/>\n<meta property=\"og:url\" content=\"https:\/\/www.smart-digital-link.com\/index.php\/videotheque-des-realisations-hypervsn\/\" \/>\n<meta property=\"og:site_name\" content=\"HOLOGRAMME 3D\" \/>\n<meta property=\"article:publisher\" content=\"https:\/\/www.facebook.com\/smartdigitallink\" \/>\n<meta property=\"article:modified_time\" content=\"2022-09-29T13:23:55+00:00\" \/>\n<meta name=\"twitter:card\" content=\"summary_large_image\" \/>\n<meta name=\"twitter:label1\" content=\"Dur\u00e9e de lecture estim\u00e9e\" \/>\n\t<meta name=\"twitter:data1\" content=\"1 minute\" \/>\n<script type=\"application\/ld+json\" class=\"yoast-schema-graph\">{\"@context\":\"https:\/\/schema.org\",\"@graph\":[{\"@type\":\"WebPage\",\"@id\":\"https:\/\/www.smart-digital-link.com\/index.php\/videotheque-des-realisations-hypervsn\/\",\"url\":\"https:\/\/www.smart-digital-link.com\/index.php\/videotheque-des-realisations-hypervsn\/\",\"name\":\"Vid\u00e9oth\u00e8ques - HOLOGRAMME 3D\",\"isPartOf\":{\"@id\":\"https:\/\/www.smart-digital-link.com\/#website\"},\"datePublished\":\"2022-09-29T12:27:58+00:00\",\"dateModified\":\"2022-09-29T13:23:55+00:00\",\"description\":\"SMART DIGITAL LINK, pr\u00e9sente les derni\u00e8res r\u00e9alisations des animations HYPERVSN avec les h\u00e9lices holographiques 3d\",\"breadcrumb\":{\"@id\":\"https:\/\/www.smart-digital-link.com\/index.php\/videotheque-des-realisations-hypervsn\/#breadcrumb\"},\"inLanguage\":\"fr-FR\",\"potentialAction\":[{\"@type\":\"ReadAction\",\"target\":[\"https:\/\/www.smart-digital-link.com\/index.php\/videotheque-des-realisations-hypervsn\/\"]}]},{\"@type\":\"BreadcrumbList\",\"@id\":\"https:\/\/www.smart-digital-link.com\/index.php\/videotheque-des-realisations-hypervsn\/#breadcrumb\",\"itemListElement\":[{\"@type\":\"ListItem\",\"position\":1,\"name\":\"Accueil\",\"item\":\"https:\/\/www.smart-digital-link.com\/\"},{\"@type\":\"ListItem\",\"position\":2,\"name\":\"Vid\u00e9oth\u00e8ques\"}]},{\"@type\":\"WebSite\",\"@id\":\"https:\/\/www.smart-digital-link.com\/#website\",\"url\":\"https:\/\/www.smart-digital-link.com\/\",\"name\":\"HOLOGRAMME 3D\",\"description\":\"HELICE HOLOGRAPHIQUE 3D\",\"publisher\":{\"@id\":\"https:\/\/www.smart-digital-link.com\/#organization\"},\"potentialAction\":[{\"@type\":\"SearchAction\",\"target\":{\"@type\":\"EntryPoint\",\"urlTemplate\":\"https:\/\/www.smart-digital-link.com\/?s={search_term_string}\"},\"query-input\":\"required name=search_term_string\"}],\"inLanguage\":\"fr-FR\"},{\"@type\":\"Organization\",\"@id\":\"https:\/\/www.smart-digital-link.com\/#organization\",\"name\":\"SMART DIGITAL LINK\",\"url\":\"https:\/\/www.smart-digital-link.com\/\",\"sameAs\":[\"https:\/\/www.instagram.com\/sdl_hologramme3d\/\",\"https:\/\/www.youtube.com\/channel\/UC_y90BDVPN4YAoV-9cCRiqA\",\"https:\/\/www.facebook.com\/smartdigitallink\"],\"logo\":{\"@type\":\"ImageObject\",\"inLanguage\":\"fr-FR\",\"@id\":\"https:\/\/www.smart-digital-link.com\/#\/schema\/logo\/image\/\",\"url\":\"https:\/\/www.smart-digital-link.com\/wp-content\/uploads\/2022\/04\/cropped-logo-SDL.png\",\"contentUrl\":\"https:\/\/www.smart-digital-link.com\/wp-content\/uploads\/2022\/04\/cropped-logo-SDL.png\",\"width\":1183,\"height\":551,\"caption\":\"SMART DIGITAL LINK\"},\"image\":{\"@id\":\"https:\/\/www.smart-digital-link.com\/#\/schema\/logo\/image\/\"}}]}<\/script>\n<!-- \/ Yoast SEO plugin. -->","yoast_head_json":{"title":"Vid\u00e9oth\u00e8ques - HOLOGRAMME 3D","description":"SMART DIGITAL LINK, pr\u00e9sente les derni\u00e8res r\u00e9alisations des animations HYPERVSN avec les h\u00e9lices holographiques 3d","robots":{"index":"index","follow":"follow","max-snippet":"max-snippet:-1","max-image-preview":"max-image-preview:large","max-video-preview":"max-video-preview:-1"},"canonical":"https:\/\/www.smart-digital-link.com\/index.php\/videotheque-des-realisations-hypervsn\/","og_locale":"fr_FR","og_type":"article","og_title":"Vid\u00e9oth\u00e8ques - HOLOGRAMME 3D","og_description":"SMART DIGITAL LINK, pr\u00e9sente les derni\u00e8res r\u00e9alisations des animations HYPERVSN avec les h\u00e9lices holographiques 3d","og_url":"https:\/\/www.smart-digital-link.com\/index.php\/videotheque-des-realisations-hypervsn\/","og_site_name":"HOLOGRAMME 3D","article_publisher":"https:\/\/www.facebook.com\/smartdigitallink","article_modified_time":"2022-09-29T13:23:55+00:00","twitter_card":"summary_large_image","twitter_misc":{"Dur\u00e9e de lecture estim\u00e9e":"1 minute"},"schema":{"@context":"https:\/\/schema.org","@graph":[{"@type":"WebPage","@id":"https:\/\/www.smart-digital-link.com\/index.php\/videotheque-des-realisations-hypervsn\/","url":"https:\/\/www.smart-digital-link.com\/index.php\/videotheque-des-realisations-hypervsn\/","name":"Vid\u00e9oth\u00e8ques - HOLOGRAMME 3D","isPartOf":{"@id":"https:\/\/www.smart-digital-link.com\/#website"},"datePublished":"2022-09-29T12:27:58+00:00","dateModified":"2022-09-29T13:23:55+00:00","description":"SMART DIGITAL LINK, pr\u00e9sente les derni\u00e8res r\u00e9alisations des animations HYPERVSN avec les h\u00e9lices holographiques 3d","breadcrumb":{"@id":"https:\/\/www.smart-digital-link.com\/index.php\/videotheque-des-realisations-hypervsn\/#breadcrumb"},"inLanguage":"fr-FR","potentialAction":[{"@type":"ReadAction","target":["https:\/\/www.smart-digital-link.com\/index.php\/videotheque-des-realisations-hypervsn\/"]}]},{"@type":"BreadcrumbList","@id":"https:\/\/www.smart-digital-link.com\/index.php\/videotheque-des-realisations-hypervsn\/#breadcrumb","itemListElement":[{"@type":"ListItem","position":1,"name":"Accueil","item":"https:\/\/www.smart-digital-link.com\/"},{"@type":"ListItem","position":2,"name":"Vid\u00e9oth\u00e8ques"}]},{"@type":"WebSite","@id":"https:\/\/www.smart-digital-link.com\/#website","url":"https:\/\/www.smart-digital-link.com\/","name":"HOLOGRAMME 3D","description":"HELICE HOLOGRAPHIQUE 3D","publisher":{"@id":"https:\/\/www.smart-digital-link.com\/#organization"},"potentialAction":[{"@type":"SearchAction","target":{"@type":"EntryPoint","urlTemplate":"https:\/\/www.smart-digital-link.com\/?s={search_term_string}"},"query-input":"required name=search_term_string"}],"inLanguage":"fr-FR"},{"@type":"Organization","@id":"https:\/\/www.smart-digital-link.com\/#organization","name":"SMART DIGITAL LINK","url":"https:\/\/www.smart-digital-link.com\/","sameAs":["https:\/\/www.instagram.com\/sdl_hologramme3d\/","https:\/\/www.youtube.com\/channel\/UC_y90BDVPN4YAoV-9cCRiqA","https:\/\/www.facebook.com\/smartdigitallink"],"logo":{"@type":"ImageObject","inLanguage":"fr-FR","@id":"https:\/\/www.smart-digital-link.com\/#\/schema\/logo\/image\/","url":"https:\/\/www.smart-digital-link.com\/wp-content\/uploads\/2022\/04\/cropped-logo-SDL.png","contentUrl":"https:\/\/www.smart-digital-link.com\/wp-content\/uploads\/2022\/04\/cropped-logo-SDL.png","width":1183,"height":551,"caption":"SMART DIGITAL LINK"},"image":{"@id":"https:\/\/www.smart-digital-link.com\/#\/schema\/logo\/image\/"}}]}},"uagb_featured_image_src":{"full":false,"thumbnail":false,"medium":false,"medium_large":false,"large":false,"1536x1536":false,"2048x2048":false,"woocommerce_thumbnail":false,"woocommerce_single":false,"woocommerce_gallery_thumbnail":false},"uagb_author_info":{"display_name":"Admin31676","author_link":"https:\/\/www.smart-digital-link.com\/index.php\/author\/admin31676\/"},"uagb_comment_info":0,"uagb_excerpt":"EXEMPLES D&rsquo;UTILISATIONS DES HOLOGRAMMES 3D","_links":{"self":[{"href":"https:\/\/www.smart-digital-link.com\/index.php\/wp-json\/wp\/v2\/pages\/7796"}],"collection":[{"href":"https:\/\/www.smart-digital-link.com\/index.php\/wp-json\/wp\/v2\/pages"}],"about":[{"href":"https:\/\/www.smart-digital-link.com\/index.php\/wp-json\/wp\/v2\/types\/page"}],"author":[{"embeddable":true,"href":"https:\/\/www.smart-digital-link.com\/index.php\/wp-json\/wp\/v2\/users\/1"}],"replies":[{"embeddable":true,"href":"https:\/\/www.smart-digital-link.com\/index.php\/wp-json\/wp\/v2\/comments?post=7796"}],"version-history":[{"count":14,"href":"https:\/\/www.smart-digital-link.com\/index.php\/wp-json\/wp\/v2\/pages\/7796\/revisions"}],"predecessor-version":[{"id":7839,"href":"https:\/\/www.smart-digital-link.com\/index.php\/wp-json\/wp\/v2\/pages\/7796\/revisions\/7839"}],"wp:attachment":[{"href":"https:\/\/www.smart-digital-link.com\/index.php\/wp-json\/wp\/v2\/media?parent=7796"}],"curies":[{"name":"wp","href":"https:\/\/api.w.org\/{rel}","templated":true}]}}