{"id":7860,"date":"2022-10-14T15:34:45","date_gmt":"2022-10-14T13:34:45","guid":{"rendered":"https:\/\/www.smart-digital-link.com\/?page_id=7860"},"modified":"2022-10-14T15:49:45","modified_gmt":"2022-10-14T13:49:45","slug":"notre-actualite","status":"publish","type":"page","link":"https:\/\/www.smart-digital-link.com\/index.php\/notre-actualite\/","title":{"rendered":"Notre actualit\u00e9"},"content":{"rendered":"\n<div class=\"wp-block-uagb-container uagb-block-af8e7ff4 alignfull uagb-is-root-container\"><div class=\"uagb-container-inner-blocks-wrap\">\n<div class=\"wp-block-cover alignfull is-light is-layout-flow wp-block-cover-is-layout-flow\" style=\"min-height:190px\"><span aria-hidden=\"true\" class=\"wp-block-cover__background has-background-dim-100 has-background-dim\"><\/span><div class=\"wp-block-cover__inner-container\"><\/div><\/div>\n\n\n\n<p class=\"has-text-align-center has-large-font-size\">Nos diff\u00e9rentes pr\u00e9sentations<\/p>\n<\/div><\/div>\n\n\n\n<div class=\"wp-block-columns is-layout-flex wp-container-core-columns-layout-1 wp-block-columns-is-layout-flex\">\n<div class=\"wp-block-column is-layout-flow wp-block-column-is-layout-flow\"><\/div>\n<\/div>\n\n\n\n<div class=\"wp-block-columns is-layout-flex wp-container-core-columns-layout-2 wp-block-columns-is-layout-flex\">\n<div class=\"wp-block-column is-layout-flow wp-block-column-is-layout-flow\">\n<figure class=\"wp-block-video\"><video controls src=\"https:\/\/www.smart-digital-link.com\/wp-content\/uploads\/2022\/10\/SDL_serviciz_102022_01.mp4\"><\/video><figcaption>Salon SERVICIZ DU 06\/10\/2022<\/figcaption><\/figure>\n<\/div>\n\n\n\n<div class=\"wp-block-column is-layout-flow wp-block-column-is-layout-flow\">\n<figure class=\"wp-block-video\"><video controls src=\"https:\/\/www.smart-digital-link.com\/wp-content\/uploads\/2022\/10\/20211021_111811A.mp4\"><\/video><figcaption>Salon SIANE<\/figcaption><\/figure>\n<\/div>\n\n\n\n<div class=\"wp-block-column is-layout-flow wp-block-column-is-layout-flow\">\n<figure class=\"wp-block-video\"><video controls src=\"https:\/\/www.smart-digital-link.com\/wp-content\/uploads\/2022\/10\/20220218_134115A.mp4\"><\/video><figcaption>R\u00e9seau DYNABUY<\/figcaption><\/figure>\n<\/div>\n<\/div>\n","protected":false},"excerpt":{"rendered":"Nos diff\u00e9rentes pr\u00e9sentations Salon SERVICIZ DU 06\/10\/2022 Salon SIANE R\u00e9seau DYNABUY","protected":false},"author":1,"featured_media":0,"parent":0,"menu_order":0,"comment_status":"closed","ping_status":"closed","template":"","meta":{"site-sidebar-layout":"no-sidebar","site-content-layout":"plain-container","ast-global-header-display":"","ast-main-header-display":"","ast-hfb-above-header-display":"","ast-hfb-below-header-display":"","ast-hfb-mobile-header-display":"","site-post-title":"disabled","ast-breadcrumbs-content":"","ast-featured-img":"disabled","footer-sml-layout":"","theme-transparent-header-meta":"enabled","adv-header-id-meta":"","stick-header-meta":"","header-above-stick-meta":"","header-main-stick-meta":"","header-below-stick-meta":"","footnotes":""},"yoast_head":"<!-- This site is optimized with the Yoast SEO plugin v19.8 - https:\/\/yoast.com\/wordpress\/plugins\/seo\/ -->\n<title>Notre actualit\u00e9 - HOLOGRAMME 3D<\/title>\n<meta name=\"description\" content=\"SMART DIGITAL LINK, propose \u00e0 la vente et \u00e0 la location, les cabines holographiques 3D, humano\u00efde, animations conf\u00e9rences, s\u00e9minaires,mariage\" \/>\n<meta name=\"robots\" content=\"index, follow, max-snippet:-1, max-image-preview:large, max-video-preview:-1\" \/>\n<link rel=\"canonical\" href=\"https:\/\/www.smart-digital-link.com\/index.php\/notre-actualite\/\" \/>\n<meta property=\"og:locale\" content=\"fr_FR\" \/>\n<meta property=\"og:type\" content=\"article\" \/>\n<meta property=\"og:title\" content=\"Notre actualit\u00e9 - HOLOGRAMME 3D\" \/>\n<meta property=\"og:description\" content=\"SMART DIGITAL LINK, propose \u00e0 la vente et \u00e0 la location, les cabines holographiques 3D, humano\u00efde, animations conf\u00e9rences, s\u00e9minaires,mariage\" \/>\n<meta property=\"og:url\" content=\"https:\/\/www.smart-digital-link.com\/index.php\/notre-actualite\/\" \/>\n<meta property=\"og:site_name\" content=\"HOLOGRAMME 3D\" \/>\n<meta property=\"article:publisher\" content=\"https:\/\/www.facebook.com\/smartdigitallink\" \/>\n<meta property=\"article:modified_time\" content=\"2022-10-14T13:49:45+00:00\" \/>\n<meta name=\"twitter:card\" content=\"summary_large_image\" \/>\n<meta name=\"twitter:label1\" content=\"Dur\u00e9e de lecture estim\u00e9e\" \/>\n\t<meta name=\"twitter:data1\" content=\"1 minute\" \/>\n<script type=\"application\/ld+json\" class=\"yoast-schema-graph\">{\"@context\":\"https:\/\/schema.org\",\"@graph\":[{\"@type\":\"WebPage\",\"@id\":\"https:\/\/www.smart-digital-link.com\/index.php\/notre-actualite\/\",\"url\":\"https:\/\/www.smart-digital-link.com\/index.php\/notre-actualite\/\",\"name\":\"Notre actualit\u00e9 - HOLOGRAMME 3D\",\"isPartOf\":{\"@id\":\"https:\/\/www.smart-digital-link.com\/#website\"},\"datePublished\":\"2022-10-14T13:34:45+00:00\",\"dateModified\":\"2022-10-14T13:49:45+00:00\",\"description\":\"SMART DIGITAL LINK, propose \u00e0 la vente et \u00e0 la location, les cabines holographiques 3D, humano\u00efde, animations conf\u00e9rences, s\u00e9minaires,mariage\",\"breadcrumb\":{\"@id\":\"https:\/\/www.smart-digital-link.com\/index.php\/notre-actualite\/#breadcrumb\"},\"inLanguage\":\"fr-FR\",\"potentialAction\":[{\"@type\":\"ReadAction\",\"target\":[\"https:\/\/www.smart-digital-link.com\/index.php\/notre-actualite\/\"]}]},{\"@type\":\"BreadcrumbList\",\"@id\":\"https:\/\/www.smart-digital-link.com\/index.php\/notre-actualite\/#breadcrumb\",\"itemListElement\":[{\"@type\":\"ListItem\",\"position\":1,\"name\":\"Accueil\",\"item\":\"https:\/\/www.smart-digital-link.com\/\"},{\"@type\":\"ListItem\",\"position\":2,\"name\":\"Notre actualit\u00e9\"}]},{\"@type\":\"WebSite\",\"@id\":\"https:\/\/www.smart-digital-link.com\/#website\",\"url\":\"https:\/\/www.smart-digital-link.com\/\",\"name\":\"HOLOGRAMME 3D\",\"description\":\"HELICE HOLOGRAPHIQUE 3D\",\"publisher\":{\"@id\":\"https:\/\/www.smart-digital-link.com\/#organization\"},\"potentialAction\":[{\"@type\":\"SearchAction\",\"target\":{\"@type\":\"EntryPoint\",\"urlTemplate\":\"https:\/\/www.smart-digital-link.com\/?s={search_term_string}\"},\"query-input\":\"required name=search_term_string\"}],\"inLanguage\":\"fr-FR\"},{\"@type\":\"Organization\",\"@id\":\"https:\/\/www.smart-digital-link.com\/#organization\",\"name\":\"SMART DIGITAL LINK\",\"url\":\"https:\/\/www.smart-digital-link.com\/\",\"sameAs\":[\"https:\/\/www.instagram.com\/sdl_hologramme3d\/\",\"https:\/\/www.youtube.com\/channel\/UC_y90BDVPN4YAoV-9cCRiqA\",\"https:\/\/www.facebook.com\/smartdigitallink\"],\"logo\":{\"@type\":\"ImageObject\",\"inLanguage\":\"fr-FR\",\"@id\":\"https:\/\/www.smart-digital-link.com\/#\/schema\/logo\/image\/\",\"url\":\"https:\/\/www.smart-digital-link.com\/wp-content\/uploads\/2022\/04\/cropped-logo-SDL.png\",\"contentUrl\":\"https:\/\/www.smart-digital-link.com\/wp-content\/uploads\/2022\/04\/cropped-logo-SDL.png\",\"width\":1183,\"height\":551,\"caption\":\"SMART DIGITAL LINK\"},\"image\":{\"@id\":\"https:\/\/www.smart-digital-link.com\/#\/schema\/logo\/image\/\"}}]}<\/script>\n<!-- \/ Yoast SEO plugin. -->","yoast_head_json":{"title":"Notre actualit\u00e9 - HOLOGRAMME 3D","description":"SMART DIGITAL LINK, propose \u00e0 la vente et \u00e0 la location, les cabines holographiques 3D, humano\u00efde, animations conf\u00e9rences, s\u00e9minaires,mariage","robots":{"index":"index","follow":"follow","max-snippet":"max-snippet:-1","max-image-preview":"max-image-preview:large","max-video-preview":"max-video-preview:-1"},"canonical":"https:\/\/www.smart-digital-link.com\/index.php\/notre-actualite\/","og_locale":"fr_FR","og_type":"article","og_title":"Notre actualit\u00e9 - HOLOGRAMME 3D","og_description":"SMART DIGITAL LINK, propose \u00e0 la vente et \u00e0 la location, les cabines holographiques 3D, humano\u00efde, animations conf\u00e9rences, s\u00e9minaires,mariage","og_url":"https:\/\/www.smart-digital-link.com\/index.php\/notre-actualite\/","og_site_name":"HOLOGRAMME 3D","article_publisher":"https:\/\/www.facebook.com\/smartdigitallink","article_modified_time":"2022-10-14T13:49:45+00:00","twitter_card":"summary_large_image","twitter_misc":{"Dur\u00e9e de lecture estim\u00e9e":"1 minute"},"schema":{"@context":"https:\/\/schema.org","@graph":[{"@type":"WebPage","@id":"https:\/\/www.smart-digital-link.com\/index.php\/notre-actualite\/","url":"https:\/\/www.smart-digital-link.com\/index.php\/notre-actualite\/","name":"Notre actualit\u00e9 - HOLOGRAMME 3D","isPartOf":{"@id":"https:\/\/www.smart-digital-link.com\/#website"},"datePublished":"2022-10-14T13:34:45+00:00","dateModified":"2022-10-14T13:49:45+00:00","description":"SMART DIGITAL LINK, propose \u00e0 la vente et \u00e0 la location, les cabines holographiques 3D, humano\u00efde, animations conf\u00e9rences, s\u00e9minaires,mariage","breadcrumb":{"@id":"https:\/\/www.smart-digital-link.com\/index.php\/notre-actualite\/#breadcrumb"},"inLanguage":"fr-FR","potentialAction":[{"@type":"ReadAction","target":["https:\/\/www.smart-digital-link.com\/index.php\/notre-actualite\/"]}]},{"@type":"BreadcrumbList","@id":"https:\/\/www.smart-digital-link.com\/index.php\/notre-actualite\/#breadcrumb","itemListElement":[{"@type":"ListItem","position":1,"name":"Accueil","item":"https:\/\/www.smart-digital-link.com\/"},{"@type":"ListItem","position":2,"name":"Notre actualit\u00e9"}]},{"@type":"WebSite","@id":"https:\/\/www.smart-digital-link.com\/#website","url":"https:\/\/www.smart-digital-link.com\/","name":"HOLOGRAMME 3D","description":"HELICE HOLOGRAPHIQUE 3D","publisher":{"@id":"https:\/\/www.smart-digital-link.com\/#organization"},"potentialAction":[{"@type":"SearchAction","target":{"@type":"EntryPoint","urlTemplate":"https:\/\/www.smart-digital-link.com\/?s={search_term_string}"},"query-input":"required name=search_term_string"}],"inLanguage":"fr-FR"},{"@type":"Organization","@id":"https:\/\/www.smart-digital-link.com\/#organization","name":"SMART DIGITAL LINK","url":"https:\/\/www.smart-digital-link.com\/","sameAs":["https:\/\/www.instagram.com\/sdl_hologramme3d\/","https:\/\/www.youtube.com\/channel\/UC_y90BDVPN4YAoV-9cCRiqA","https:\/\/www.facebook.com\/smartdigitallink"],"logo":{"@type":"ImageObject","inLanguage":"fr-FR","@id":"https:\/\/www.smart-digital-link.com\/#\/schema\/logo\/image\/","url":"https:\/\/www.smart-digital-link.com\/wp-content\/uploads\/2022\/04\/cropped-logo-SDL.png","contentUrl":"https:\/\/www.smart-digital-link.com\/wp-content\/uploads\/2022\/04\/cropped-logo-SDL.png","width":1183,"height":551,"caption":"SMART DIGITAL LINK"},"image":{"@id":"https:\/\/www.smart-digital-link.com\/#\/schema\/logo\/image\/"}}]}},"uagb_featured_image_src":{"full":false,"thumbnail":false,"medium":false,"medium_large":false,"large":false,"1536x1536":false,"2048x2048":false,"woocommerce_thumbnail":false,"woocommerce_single":false,"woocommerce_gallery_thumbnail":false},"uagb_author_info":{"display_name":"Admin31676","author_link":"https:\/\/www.smart-digital-link.com\/index.php\/author\/admin31676\/"},"uagb_comment_info":0,"uagb_excerpt":null,"_links":{"self":[{"href":"https:\/\/www.smart-digital-link.com\/index.php\/wp-json\/wp\/v2\/pages\/7860"}],"collection":[{"href":"https:\/\/www.smart-digital-link.com\/index.php\/wp-json\/wp\/v2\/pages"}],"about":[{"href":"https:\/\/www.smart-digital-link.com\/index.php\/wp-json\/wp\/v2\/types\/page"}],"author":[{"embeddable":true,"href":"https:\/\/www.smart-digital-link.com\/index.php\/wp-json\/wp\/v2\/users\/1"}],"replies":[{"embeddable":true,"href":"https:\/\/www.smart-digital-link.com\/index.php\/wp-json\/wp\/v2\/comments?post=7860"}],"version-history":[{"count":9,"href":"https:\/\/www.smart-digital-link.com\/index.php\/wp-json\/wp\/v2\/pages\/7860\/revisions"}],"predecessor-version":[{"id":7878,"href":"https:\/\/www.smart-digital-link.com\/index.php\/wp-json\/wp\/v2\/pages\/7860\/revisions\/7878"}],"wp:attachment":[{"href":"https:\/\/www.smart-digital-link.com\/index.php\/wp-json\/wp\/v2\/media?parent=7860"}],"curies":[{"name":"wp","href":"https:\/\/api.w.org\/{rel}","templated":true}]}}